{"id":8436,"date":"2024-04-29T14:58:02","date_gmt":"2024-04-29T18:58:02","guid":{"rendered":"https:\/\/escueladepedagogia.ufro.cl\/?page_id=8436"},"modified":"2025-05-05T12:49:59","modified_gmt":"2025-05-05T16:49:59","slug":"quienes-somos","status":"publish","type":"page","link":"https:\/\/escueladepedagogia.ufro.cl\/?page_id=8436","title":{"rendered":"QUI\u00c9NES SOMOS"},"content":{"rendered":"\t\t<div data-elementor-type=\"wp-page\" data-elementor-id=\"8436\" class=\"elementor elementor-8436\">\n\t\t\t\t<div class=\"elementor-element elementor-element-728832f e-flex e-con-boxed e-con e-parent\" data-id=\"728832f\" data-element_type=\"container\">\n\t\t\t\t\t<div class=\"e-con-inner\">\n\t\t\t\t<div class=\"elementor-element elementor-element-2a50d8c elementor-widget elementor-widget-text-editor\" data-id=\"2a50d8c\" data-element_type=\"widget\" data-widget_type=\"text-editor.default\">\n\t\t\t\t<div class=\"elementor-widget-container\">\n\t\t\t\t\t\t\t<p>El Yo Quiero Ser Profesor(a) es un programa de vinculaci\u00f3n temprana, dirigido a estudiantes de cuarto a\u00f1o medio provenientes tanto de la ciudad Temuco, como de otras comunas de la Regi\u00f3n de La Araucan\u00eda.<\/p><p>Este Programa tiene por objetivo fortalecer el talento pedag\u00f3gico en sus estudiantes, entreg\u00e1ndoles herramientas acad\u00e9micas, pedag\u00f3gicas y vocacionales que tributan al desarrollo de competencias gen\u00e9ricas y espec\u00edficas en concordancia al Modelo Educativo UFRO. Adem\u00e1s de brindarles el apoyo necesario para su transici\u00f3n entre la ense\u00f1anza media y la vida universitaria, reforzando en cada actividad el compromiso y las potencialidades pedag\u00f3gicas que presentan los estudiantes.<\/p>\t\t\t\t\t\t<\/div>\n\t\t\t\t<\/div>\n\t\t\t\t\t<\/div>\n\t\t\t\t<\/div>\n\t\t<div class=\"elementor-element elementor-element-fc0decc e-flex e-con-boxed e-con e-parent\" data-id=\"fc0decc\" data-element_type=\"container\">\n\t\t\t\t\t<div class=\"e-con-inner\">\n\t\t<div class=\"elementor-element elementor-element-7965d33 e-con-full e-flex e-con e-child\" data-id=\"7965d33\" data-element_type=\"container\">\n\t\t\t\t<div class=\"elementor-element elementor-element-ebbe6b8 elementor-position-top elementor-widget elementor-widget-image-box\" data-id=\"ebbe6b8\" data-element_type=\"widget\" data-widget_type=\"image-box.default\">\n\t\t\t\t<div class=\"elementor-widget-container\">\n\t\t\t<div class=\"elementor-image-box-wrapper\"><figure class=\"elementor-image-box-img\"><img fetchpriority=\"high\" decoding=\"async\" width=\"768\" height=\"1020\" src=\"https:\/\/escueladepedagogia.ufro.cl\/wp-content\/uploads\/2024\/04\/ALVARO1.jpg\" class=\"attachment-full size-full wp-image-8387\" alt=\"\" \/><\/figure><div class=\"elementor-image-box-content\"><h5 class=\"elementor-image-box-title\">Dr. \u00c1lvaro Villalba Migueles<\/h5><p class=\"elementor-image-box-description\">Encargado del Programa\nalvaro.villalba@ufrontera.cl<br>\n+56 45 2 596888<\/p><\/div><\/div>\t\t<\/div>\n\t\t\t\t<\/div>\n\t\t\t\t<\/div>\n\t\t<div class=\"elementor-element elementor-element-0339a10 e-con-full e-flex e-con e-child\" data-id=\"0339a10\" data-element_type=\"container\">\n\t\t\t\t<div class=\"elementor-element elementor-element-e0040b5 elementor-widget elementor-widget-image-box\" data-id=\"e0040b5\" data-element_type=\"widget\" data-widget_type=\"image-box.default\">\n\t\t\t\t<div class=\"elementor-widget-container\">\n\t\t\t<div class=\"elementor-image-box-wrapper\"><div class=\"elementor-image-box-content\"><h5 class=\"elementor-image-box-title\">Katherine Cancino Paredes<\/h5><p class=\"elementor-image-box-description\">Profesora Sede Temuco<br>\nkatherine.cancino@ufrontera.cl <br>\n+56 45 2596649<\/p><\/div><\/div>\t\t<\/div>\n\t\t\t\t<\/div>\n\t\t\t\t<\/div>\n\t\t\t\t\t<\/div>\n\t\t\t\t<\/div>\n\t\t<div class=\"elementor-element elementor-element-38269f9 e-flex e-con-boxed e-con e-parent\" data-id=\"38269f9\" data-element_type=\"container\">\n\t\t\t\t\t<div class=\"e-con-inner\">\n\t\t<div class=\"elementor-element elementor-element-db30715 e-con-full e-flex e-con e-child\" data-id=\"db30715\" data-element_type=\"container\">\n\t\t\t\t<div class=\"elementor-element elementor-element-e484efe elementor-widget elementor-widget-image-box\" data-id=\"e484efe\" data-element_type=\"widget\" data-widget_type=\"image-box.default\">\n\t\t\t\t<div class=\"elementor-widget-container\">\n\t\t\t<div class=\"elementor-image-box-wrapper\"><div class=\"elementor-image-box-content\"><h5 class=\"elementor-image-box-title\">Mg. Carlos Leiva Valenzuela<\/h5><p class=\"elementor-image-box-description\">Profesor sede Angol <br>\ncarlos.leivavalenzuela@gmail.com<br>\n+56 45 2 596649<\/p><\/div><\/div>\t\t<\/div>\n\t\t\t\t<\/div>\n\t\t\t\t<\/div>\n\t\t<div class=\"elementor-element elementor-element-e939541 e-con-full e-flex e-con e-child\" data-id=\"e939541\" data-element_type=\"container\">\n\t\t\t\t<div class=\"elementor-element elementor-element-8fc886d elementor-position-top elementor-widget elementor-widget-image-box\" data-id=\"8fc886d\" data-element_type=\"widget\" data-widget_type=\"image-box.default\">\n\t\t\t\t<div class=\"elementor-widget-container\">\n\t\t\t<div class=\"elementor-image-box-wrapper\"><figure class=\"elementor-image-box-img\"><img decoding=\"async\" src=\"https:\/\/escueladepedagogia.ufro.cl\/wp-content\/plugins\/elementor\/assets\/images\/placeholder.png\" title=\"\" alt=\"\" loading=\"lazy\" \/><\/figure><div class=\"elementor-image-box-content\"><h5 class=\"elementor-image-box-title\">Tamara Ar\u00e1nguiz Abarz\u00faa<\/h5><p class=\"elementor-image-box-description\">Estudiante en pr\u00e1ctica Psicolog\u00eda<br>\nyqsp@ufrontera.cl<br>\n+56 45 2 596649<\/p><\/div><\/div>\t\t<\/div>\n\t\t\t\t<\/div>\n\t\t\t\t<\/div>\n\t\t\t\t\t<\/div>\n\t\t\t\t<\/div>\n\t\t\t\t<\/div>\n\t\t","protected":false},"excerpt":{"rendered":"<p>El Yo Quiero Ser Profesor(a) es un programa de vinculaci\u00f3n temprana, dirigido a estudiantes de cuarto a\u00f1o medio provenientes tanto de la ciudad Temuco,&#8230; &nbsp; <a href=\"https:\/\/escueladepedagogia.ufro.cl\/?page_id=8436\" class=\"moretag\">Read More<\/a><\/p>\n","protected":false},"author":7,"featured_media":0,"parent":0,"menu_order":0,"comment_status":"closed","ping_status":"closed","template":"","meta":{"_price":"","_stock":"","_tribe_ticket_header":"","_tribe_default_ticket_provider":"","_tribe_ticket_capacity":"0","_ticket_start_date":"","_ticket_end_date":"","_tribe_ticket_show_description":"","_tribe_ticket_show_not_going":false,"_tribe_ticket_use_global_stock":"","_tribe_ticket_global_stock_level":"","_global_stock_mode":"","_global_stock_cap":"","_tribe_rsvp_for_event":"","_tribe_ticket_going_count":"","_tribe_ticket_not_going_count":"","_tribe_tickets_list":"[]","_tribe_ticket_has_attendee_info_fields":false,"_EventAllDay":false,"_EventTimezone":"","_EventStartDate":"","_EventEndDate":"","_EventStartDateUTC":"","_EventEndDateUTC":"","_EventShowMap":false,"_EventShowMapLink":false,"_EventURL":"","_EventCost":"","_EventCostDescription":"","_EventCurrencySymbol":"","_EventCurrencyCode":"","_EventCurrencyPosition":"","_EventDateTimeSeparator":"","_EventTimeRangeSeparator":"","_EventOrganizerID":[],"_EventVenueID":[],"_OrganizerEmail":"","_OrganizerPhone":"","_OrganizerWebsite":"","_VenueAddress":"","_VenueCity":"","_VenueCountry":"","_VenueProvince":"","_VenueState":"","_VenueZip":"","_VenuePhone":"","_VenueURL":"","_VenueStateProvince":"","_VenueLat":"","_VenueLng":"","_VenueShowMap":false,"_VenueShowMapLink":false,"footnotes":""},"class_list":["post-8436","page","type-page","status-publish","hentry"],"ticketed":false,"_links":{"self":[{"href":"https:\/\/escueladepedagogia.ufro.cl\/index.php?rest_route=\/wp\/v2\/pages\/8436"}],"collection":[{"href":"https:\/\/escueladepedagogia.ufro.cl\/index.php?rest_route=\/wp\/v2\/pages"}],"about":[{"href":"https:\/\/escueladepedagogia.ufro.cl\/index.php?rest_route=\/wp\/v2\/types\/page"}],"author":[{"embeddable":true,"href":"https:\/\/escueladepedagogia.ufro.cl\/index.php?rest_route=\/wp\/v2\/users\/7"}],"replies":[{"embeddable":true,"href":"https:\/\/escueladepedagogia.ufro.cl\/index.php?rest_route=%2Fwp%2Fv2%2Fcomments&post=8436"}],"version-history":[{"count":19,"href":"https:\/\/escueladepedagogia.ufro.cl\/index.php?rest_route=\/wp\/v2\/pages\/8436\/revisions"}],"predecessor-version":[{"id":8855,"href":"https:\/\/escueladepedagogia.ufro.cl\/index.php?rest_route=\/wp\/v2\/pages\/8436\/revisions\/8855"}],"wp:attachment":[{"href":"https:\/\/escueladepedagogia.ufro.cl\/index.php?rest_route=%2Fwp%2Fv2%2Fmedia&parent=8436"}],"curies":[{"name":"wp","href":"https:\/\/api.w.org\/{rel}","templated":true}]}}