{"id":8428,"date":"2024-04-29T12:44:16","date_gmt":"2024-04-29T16:44:16","guid":{"rendered":"https:\/\/escueladepedagogia.ufro.cl\/?page_id=8428"},"modified":"2025-05-05T12:57:58","modified_gmt":"2025-05-05T16:57:58","slug":"postulacion-2024","status":"publish","type":"page","link":"https:\/\/escueladepedagogia.ufro.cl\/?page_id=8428","title":{"rendered":"POSTULACI\u00d3N 2025"},"content":{"rendered":"\t\t<div data-elementor-type=\"wp-page\" data-elementor-id=\"8428\" class=\"elementor elementor-8428\">\n\t\t\t\t<div class=\"elementor-element elementor-element-6b40aab e-flex e-con-boxed e-con e-parent\" data-id=\"6b40aab\" data-element_type=\"container\">\n\t\t\t\t\t<div class=\"e-con-inner\">\n\t\t\t\t<div class=\"elementor-element elementor-element-37453b4 elementor-widget elementor-widget-text-editor\" data-id=\"37453b4\" data-element_type=\"widget\" data-widget_type=\"text-editor.default\">\n\t\t\t\t<div class=\"elementor-widget-container\">\n\t\t\t\t\t\t\t<p>Las postulaciones para ser parte del Programa Yo Quiero Ser Profesor\/a se realizar\u00e1n del jueves 02 al viernes 10 de mayo para ambas sedes (Temuco y Angol).<\/p><p><strong>Requisitos para postular 2025: <\/strong><\/p><ul><li>Para participar del Yo Quiero Ser Profesor\/a UFRO, debes estar cursando 4to medio y tener un promedio igual o superior a 5.0.<\/li><\/ul><p><strong>Documentaci\u00f3n requerida:<\/strong><\/p><ul><li>Carta de motivaci\u00f3n dirigida al Programa. (Word, PDF o imagen).<\/li><li>Certificado de Alumno Regular. (PDF).<\/li><li>Certificado Anual de Estudios de 3ero medio. (PDF).<\/li><li>Certificado de Nacimiento. (PDF).<\/li><\/ul><p>*Recuerda que debes postular solo a una de las dos sedes.\u00a0<\/p><p><strong>Fechas importantes:<\/strong><\/p><ul><li>Postulaci\u00f3n online: Del 05 al 16 de mayo, 130 primeros cupos.<\/li><li>Resultado de postulaciones: 29 y 30 de mayo 2025 (notificaci\u00f3n v\u00eda correo electr\u00f3nico a estudiantes, establecimientos educativos y redes sociales).<\/li><li>Inicio de clases: s\u00e1bado 07 de junio.<\/li><\/ul><p>*Fechas sujetas a modificaci\u00f3n.<\/p><p><strong>\u00bfC\u00f3mo se aprueba el Programa?<\/strong><\/p><p>Para aprobar el Programa YQSP 2025, debes:<\/p><ul><li>Tener asistencia del 100% a las clases de los m\u00f3dulos y talleres (se acepta justificaci\u00f3n m\u00e9dica y del establecimiento educacional).<\/li><li><span class=\"OYPEnA font-feature-liga-off font-feature-clig-off font-feature-calt-off text-decoration-none text-strikethrough-none\">Aprobaci\u00f3n de todos los m\u00f3dulos con nota igual o superior a 4,0.<\/span><\/li><\/ul><p><em><strong>*IMPORTANTE: Recuerda que debes rendir la PAES como requisito de postulaci\u00f3n a la Universidad.<\/strong><\/em><\/p>\t\t\t\t\t\t<\/div>\n\t\t\t\t<\/div>\n\t\t\t\t\t<\/div>\n\t\t\t\t<\/div>\n\t\t<div class=\"elementor-element elementor-element-a03b628 e-flex e-con-boxed e-con e-parent\" data-id=\"a03b628\" data-element_type=\"container\">\n\t\t\t\t\t<div class=\"e-con-inner\">\n\t\t<div class=\"elementor-element elementor-element-a7cf8cb e-con-full e-flex e-con e-child\" data-id=\"a7cf8cb\" data-element_type=\"container\">\n\t\t\t\t<div class=\"elementor-element elementor-element-c53c9cf elementor-widget elementor-widget-image\" data-id=\"c53c9cf\" data-element_type=\"widget\" data-widget_type=\"image.default\">\n\t\t\t\t<div class=\"elementor-widget-container\">\n\t\t\t\t\t\t\t\t\t\t\t\t\t\t<a href=\"https:\/\/docs.google.com\/forms\/d\/e\/1FAIpQLSdC1jQQy9KGE9krHimQOy56FhbjdXCm8p9xozDaq57QLUJ-bw\/closedform\">\n\t\t\t\t\t\t\t<img fetchpriority=\"high\" decoding=\"async\" width=\"500\" height=\"500\" src=\"https:\/\/escueladepedagogia.ufro.cl\/wp-content\/uploads\/2024\/04\/2.jpg\" class=\"attachment-large size-large wp-image-8451\" alt=\"\" srcset=\"https:\/\/escueladepedagogia.ufro.cl\/wp-content\/uploads\/2024\/04\/2.jpg 500w, https:\/\/escueladepedagogia.ufro.cl\/wp-content\/uploads\/2024\/04\/2-90x90.jpg 90w, https:\/\/escueladepedagogia.ufro.cl\/wp-content\/uploads\/2024\/04\/2-375x375.jpg 375w\" sizes=\"(max-width: 500px) 100vw, 500px\" \/>\t\t\t\t\t\t\t\t<\/a>\n\t\t\t\t\t\t\t\t\t\t\t\t\t<\/div>\n\t\t\t\t<\/div>\n\t\t\t\t<\/div>\n\t\t<div class=\"elementor-element elementor-element-1834c43 e-con-full e-flex e-con e-child\" data-id=\"1834c43\" data-element_type=\"container\">\n\t\t\t\t<div class=\"elementor-element elementor-element-bb35901 elementor-widget elementor-widget-image\" data-id=\"bb35901\" data-element_type=\"widget\" data-widget_type=\"image.default\">\n\t\t\t\t<div class=\"elementor-widget-container\">\n\t\t\t\t\t\t\t\t\t\t\t\t\t\t<a href=\"https:\/\/docs.google.com\/forms\/d\/e\/1FAIpQLSfgLCPBO3OEUhZ-wi_lyc518IHLfsDU0K1LKo14TVKat4JTlA\/closedform\">\n\t\t\t\t\t\t\t<img decoding=\"async\" width=\"500\" height=\"500\" src=\"https:\/\/escueladepedagogia.ufro.cl\/wp-content\/uploads\/2024\/04\/3.jpg\" class=\"attachment-large size-large wp-image-8452\" alt=\"\" srcset=\"https:\/\/escueladepedagogia.ufro.cl\/wp-content\/uploads\/2024\/04\/3.jpg 500w, https:\/\/escueladepedagogia.ufro.cl\/wp-content\/uploads\/2024\/04\/3-90x90.jpg 90w, https:\/\/escueladepedagogia.ufro.cl\/wp-content\/uploads\/2024\/04\/3-375x375.jpg 375w\" sizes=\"(max-width: 500px) 100vw, 500px\" \/>\t\t\t\t\t\t\t\t<\/a>\n\t\t\t\t\t\t\t\t\t\t\t\t\t<\/div>\n\t\t\t\t<\/div>\n\t\t\t\t<\/div>\n\t\t\t\t\t<\/div>\n\t\t\t\t<\/div>\n\t\t<div class=\"elementor-element elementor-element-eeaf0c0 e-flex e-con-boxed e-con e-parent\" data-id=\"eeaf0c0\" data-element_type=\"container\">\n\t\t\t\t\t<div class=\"e-con-inner\">\n\t\t\t\t<div class=\"elementor-element elementor-element-b559442 elementor-widget elementor-widget-text-editor\" data-id=\"b559442\" data-element_type=\"widget\" data-widget_type=\"text-editor.default\">\n\t\t\t\t<div class=\"elementor-widget-container\">\n\t\t\t\t\t\t\t<ul><li><span style=\"color: #000080;\"><strong>Revisa las\u00a0<a style=\"color: #000080;\" href=\"http:\/\/escueladepedagogia.ufro.cl\/wp-content\/uploads\/2023\/11\/Bases-de-Postulacion-YQSP-2024-.pdf\">Bases de Postulacion YQSP 2024<\/a><\/strong><\/span><\/li><\/ul>\t\t\t\t\t\t<\/div>\n\t\t\t\t<\/div>\n\t\t\t\t\t<\/div>\n\t\t\t\t<\/div>\n\t\t\t\t<\/div>\n\t\t","protected":false},"excerpt":{"rendered":"<p>Las postulaciones para ser parte del Programa Yo Quiero Ser Profesor\/a se realizar\u00e1n del jueves 02 al viernes 10 de mayo para ambas sedes&#8230; &nbsp; <a href=\"https:\/\/escueladepedagogia.ufro.cl\/?page_id=8428\" class=\"moretag\">Read More<\/a><\/p>\n","protected":false},"author":7,"featured_media":0,"parent":0,"menu_order":0,"comment_status":"closed","ping_status":"closed","template":"","meta":{"_price":"","_stock":"","_tribe_ticket_header":"","_tribe_default_ticket_provider":"","_tribe_ticket_capacity":"0","_ticket_start_date":"","_ticket_end_date":"","_tribe_ticket_show_description":"","_tribe_ticket_show_not_going":false,"_tribe_ticket_use_global_stock":"","_tribe_ticket_global_stock_level":"","_global_stock_mode":"","_global_stock_cap":"","_tribe_rsvp_for_event":"","_tribe_ticket_going_count":"","_tribe_ticket_not_going_count":"","_tribe_tickets_list":"[]","_tribe_ticket_has_attendee_info_fields":false,"_EventAllDay":false,"_EventTimezone":"","_EventStartDate":"","_EventEndDate":"","_EventStartDateUTC":"","_EventEndDateUTC":"","_EventShowMap":false,"_EventShowMapLink":false,"_EventURL":"","_EventCost":"","_EventCostDescription":"","_EventCurrencySymbol":"","_EventCurrencyCode":"","_EventCurrencyPosition":"","_EventDateTimeSeparator":"","_EventTimeRangeSeparator":"","_EventOrganizerID":[],"_EventVenueID":[],"_OrganizerEmail":"","_OrganizerPhone":"","_OrganizerWebsite":"","_VenueAddress":"","_VenueCity":"","_VenueCountry":"","_VenueProvince":"","_VenueState":"","_VenueZip":"","_VenuePhone":"","_VenueURL":"","_VenueStateProvince":"","_VenueLat":"","_VenueLng":"","_VenueShowMap":false,"_VenueShowMapLink":false,"footnotes":""},"class_list":["post-8428","page","type-page","status-publish","hentry"],"ticketed":false,"_links":{"self":[{"href":"https:\/\/escueladepedagogia.ufro.cl\/index.php?rest_route=\/wp\/v2\/pages\/8428"}],"collection":[{"href":"https:\/\/escueladepedagogia.ufro.cl\/index.php?rest_route=\/wp\/v2\/pages"}],"about":[{"href":"https:\/\/escueladepedagogia.ufro.cl\/index.php?rest_route=\/wp\/v2\/types\/page"}],"author":[{"embeddable":true,"href":"https:\/\/escueladepedagogia.ufro.cl\/index.php?rest_route=\/wp\/v2\/users\/7"}],"replies":[{"embeddable":true,"href":"https:\/\/escueladepedagogia.ufro.cl\/index.php?rest_route=%2Fwp%2Fv2%2Fcomments&post=8428"}],"version-history":[{"count":16,"href":"https:\/\/escueladepedagogia.ufro.cl\/index.php?rest_route=\/wp\/v2\/pages\/8428\/revisions"}],"predecessor-version":[{"id":8862,"href":"https:\/\/escueladepedagogia.ufro.cl\/index.php?rest_route=\/wp\/v2\/pages\/8428\/revisions\/8862"}],"wp:attachment":[{"href":"https:\/\/escueladepedagogia.ufro.cl\/index.php?rest_route=%2Fwp%2Fv2%2Fmedia&parent=8428"}],"curies":[{"name":"wp","href":"https:\/\/api.w.org\/{rel}","templated":true}]}}