{"id":8413,"date":"2024-04-29T12:32:11","date_gmt":"2024-04-29T16:32:11","guid":{"rendered":"https:\/\/escueladepedagogia.ufro.cl\/?page_id=8413"},"modified":"2025-05-05T13:04:33","modified_gmt":"2025-05-05T17:04:33","slug":"modulos-2024","status":"publish","type":"page","link":"https:\/\/escueladepedagogia.ufro.cl\/?page_id=8413","title":{"rendered":"M\u00d3DULOS 2025"},"content":{"rendered":"\t\t<div data-elementor-type=\"wp-page\" data-elementor-id=\"8413\" class=\"elementor elementor-8413\">\n\t\t\t\t<div class=\"elementor-element elementor-element-af5fedd e-flex e-con-boxed e-con e-parent\" data-id=\"af5fedd\" data-element_type=\"container\">\n\t\t\t\t\t<div class=\"e-con-inner\">\n\t\t\t\t<div class=\"elementor-element elementor-element-d2fd8ee elementor-widget elementor-widget-text-editor\" data-id=\"d2fd8ee\" data-element_type=\"widget\" data-widget_type=\"text-editor.default\">\n\t\t\t\t<div class=\"elementor-widget-container\">\n\t\t\t\t\t\t\t<p><strong>M\u00f3dulo: <\/strong><span class=\"OYPEnA font-feature-liga-off font-feature-clig-off font-feature-calt-off text-decoration-none text-strikethrough-none\">Talento pedag\u00f3gico\u00a0<\/span><span class=\"OYPEnA font-feature-liga-off font-feature-clig-off font-feature-calt-off text-decoration-none text-strikethrough-none\">e identidad\u00a0<\/span><span class=\"OYPEnA font-feature-liga-off font-feature-clig-off font-feature-calt-off text-decoration-none text-strikethrough-none\">profesional docente.<\/span><\/p><p><strong>M\u00f3dulo: <\/strong><span class=\"OYPEnA font-feature-liga-off font-feature-clig-off font-feature-calt-off text-decoration-none text-strikethrough-none\">Habilidades comunicativas\u00a0<\/span><span class=\"OYPEnA font-feature-liga-off font-feature-clig-off font-feature-calt-off text-decoration-none text-strikethrough-none\">orales.<\/span><\/p><p><strong>M\u00f3dulo:<\/strong> <span class=\"OYPEnA font-feature-liga-off font-feature-clig-off font-feature-calt-off text-decoration-none text-strikethrough-none\">Convivencia escolar.<\/span><\/p><p><strong>M\u00f3dulo:<\/strong> <span class=\"OYPEnA font-feature-liga-off font-feature-clig-off font-feature-calt-off text-decoration-none text-strikethrough-none\">Inserci\u00f3n a la vida universitaria.<\/span><\/p><p><strong>Taller:\u00a0<\/strong><span class=\"OYPEnA font-feature-liga-off font-feature-clig-off font-feature-calt-off text-decoration-none text-strikethrough-none\">Construyendo\u00a0<\/span><span class=\"OYPEnA font-feature-liga-off font-feature-clig-off font-feature-calt-off text-decoration-none text-strikethrough-none\">mi Perfil como\u00a0<\/span><span class=\"OYPEnA font-feature-liga-off font-feature-clig-off font-feature-calt-off text-decoration-none text-strikethrough-none\">Futuro Profesor\/a.<\/span><\/p><p><strong>Taller:<\/strong> <span class=\"OYPEnA font-feature-liga-off font-feature-clig-off font-feature-calt-off text-decoration-none text-strikethrough-none\">Preparaci\u00f3n Socioemocional\u00a0<\/span><span class=\"OYPEnA font-feature-liga-off font-feature-clig-off font-feature-calt-off text-decoration-none text-strikethrough-none\">para una Transici\u00f3n Efectiva.<\/span><\/p>\t\t\t\t\t\t<\/div>\n\t\t\t\t<\/div>\n\t\t\t\t\t<\/div>\n\t\t\t\t<\/div>\n\t\t\t\t<\/div>\n\t\t","protected":false},"excerpt":{"rendered":"<p>M\u00f3dulo: Talento pedag\u00f3gico\u00a0e identidad\u00a0profesional docente.M\u00f3dulo: Habilidades comunicativas\u00a0orales.M\u00f3dulo: Convivencia escolar.M\u00f3dulo: Inserci\u00f3n a la vida universitaria.Taller:\u00a0Construyendo\u00a0mi Perfil como\u00a0Futuro Profesor\/a.Taller: Preparaci\u00f3n Socioemocional\u00a0para una Transici\u00f3n Efectiva.<\/p>\n","protected":false},"author":7,"featured_media":0,"parent":0,"menu_order":0,"comment_status":"closed","ping_status":"closed","template":"","meta":{"_price":"","_stock":"","_tribe_ticket_header":"","_tribe_default_ticket_provider":"","_tribe_ticket_capacity":"0","_ticket_start_date":"","_ticket_end_date":"","_tribe_ticket_show_description":"","_tribe_ticket_show_not_going":false,"_tribe_ticket_use_global_stock":"","_tribe_ticket_global_stock_level":"","_global_stock_mode":"","_global_stock_cap":"","_tribe_rsvp_for_event":"","_tribe_ticket_going_count":"","_tribe_ticket_not_going_count":"","_tribe_tickets_list":"[]","_tribe_ticket_has_attendee_info_fields":false,"_EventAllDay":false,"_EventTimezone":"","_EventStartDate":"","_EventEndDate":"","_EventStartDateUTC":"","_EventEndDateUTC":"","_EventShowMap":false,"_EventShowMapLink":false,"_EventURL":"","_EventCost":"","_EventCostDescription":"","_EventCurrencySymbol":"","_EventCurrencyCode":"","_EventCurrencyPosition":"","_EventDateTimeSeparator":"","_EventTimeRangeSeparator":"","_EventOrganizerID":[],"_EventVenueID":[],"_OrganizerEmail":"","_OrganizerPhone":"","_OrganizerWebsite":"","_VenueAddress":"","_VenueCity":"","_VenueCountry":"","_VenueProvince":"","_VenueState":"","_VenueZip":"","_VenuePhone":"","_VenueURL":"","_VenueStateProvince":"","_VenueLat":"","_VenueLng":"","_VenueShowMap":false,"_VenueShowMapLink":false,"footnotes":""},"class_list":["post-8413","page","type-page","status-publish","hentry"],"ticketed":false,"_links":{"self":[{"href":"https:\/\/escueladepedagogia.ufro.cl\/index.php?rest_route=\/wp\/v2\/pages\/8413"}],"collection":[{"href":"https:\/\/escueladepedagogia.ufro.cl\/index.php?rest_route=\/wp\/v2\/pages"}],"about":[{"href":"https:\/\/escueladepedagogia.ufro.cl\/index.php?rest_route=\/wp\/v2\/types\/page"}],"author":[{"embeddable":true,"href":"https:\/\/escueladepedagogia.ufro.cl\/index.php?rest_route=\/wp\/v2\/users\/7"}],"replies":[{"embeddable":true,"href":"https:\/\/escueladepedagogia.ufro.cl\/index.php?rest_route=%2Fwp%2Fv2%2Fcomments&post=8413"}],"version-history":[{"count":10,"href":"https:\/\/escueladepedagogia.ufro.cl\/index.php?rest_route=\/wp\/v2\/pages\/8413\/revisions"}],"predecessor-version":[{"id":8868,"href":"https:\/\/escueladepedagogia.ufro.cl\/index.php?rest_route=\/wp\/v2\/pages\/8413\/revisions\/8868"}],"wp:attachment":[{"href":"https:\/\/escueladepedagogia.ufro.cl\/index.php?rest_route=%2Fwp%2Fv2%2Fmedia&parent=8413"}],"curies":[{"name":"wp","href":"https:\/\/api.w.org\/{rel}","templated":true}]}}