{"id":8407,"date":"2024-04-29T12:29:38","date_gmt":"2024-04-29T16:29:38","guid":{"rendered":"https:\/\/escueladepedagogia.ufro.cl\/?page_id=8407"},"modified":"2024-04-29T16:30:15","modified_gmt":"2024-04-29T20:30:15","slug":"carreras-de-pedagogia-2","status":"publish","type":"page","link":"https:\/\/escueladepedagogia.ufro.cl\/?page_id=8407","title":{"rendered":"CUPOS POR CARRERA"},"content":{"rendered":"\t\t<div data-elementor-type=\"wp-page\" data-elementor-id=\"8407\" class=\"elementor elementor-8407\">\n\t\t\t\t<div class=\"elementor-element elementor-element-b119483 e-flex e-con-boxed e-con e-parent\" data-id=\"b119483\" data-element_type=\"container\">\n\t\t\t\t\t<div class=\"e-con-inner\">\n\t\t\t\t<div class=\"elementor-element elementor-element-70c9123 elementor-widget elementor-widget-text-editor\" data-id=\"70c9123\" data-element_type=\"widget\" data-widget_type=\"text-editor.default\">\n\t\t\t\t<div class=\"elementor-widget-container\">\n\t\t\t\t\t\t\t<p>El Programa Yo Quiero Ser Profesor\/a\u00a0 aporta una determinada cantidad de cupos a las 7 Carreras de Pedagog\u00eda que la Universidad de La Frontera imparte:<\/p><ul><li>Pedagog\u00eda en Castellano y Comunicaci\u00f3n. (12 cupos)<\/li><li>Pedagog\u00eda en Ciencias menci\u00f3n Biolog\u00eda, Qu\u00edmica o F\u00edsica. (10 cupos)<\/li><li>Pedagog\u00eda en Educaci\u00f3n F\u00edsica, Deportes y Recreaci\u00f3n. (16 cupos)<\/li><li>Pedagog\u00eda en Historia, Geograf\u00eda y Educaci\u00f3n C\u00edvica. (14 cupos)<\/li><li>Pedagog\u00eda en Ingl\u00e9s. (14 cupos)<\/li><li>Pedagog\u00eda en Matem\u00e1tica. (10 cupos)<\/li><li>Pedagog\u00eda en Educaci\u00f3n Diferencial. (12 cupos)<\/li><\/ul><p>Conoce m\u00e1s sobre las carreras de Pedagog\u00eda impartidas por la Universidad de La Frontera en: <span style=\"color: #0000ff;\"><strong><a style=\"color: #0000ff;\" href=\"https:\/\/admision.ufro.cl\/facultad-de-educacion-ciencias-sociales-y-humanidades\/\">https:\/\/admision.ufro.cl\/facultad-de-educacion-ciencias-sociales-y-humanidades\/<\/a><\/strong><\/span><\/p>\t\t\t\t\t\t<\/div>\n\t\t\t\t<\/div>\n\t\t\t\t\t<\/div>\n\t\t\t\t<\/div>\n\t\t\t\t<\/div>\n\t\t","protected":false},"excerpt":{"rendered":"<p>El Programa Yo Quiero Ser Profesor\/a\u00a0 aporta una determinada cantidad de cupos a las 7 Carreras de Pedagog\u00eda que la Universidad de La Frontera&#8230; &nbsp; <a href=\"https:\/\/escueladepedagogia.ufro.cl\/?page_id=8407\" class=\"moretag\">Read More<\/a><\/p>\n","protected":false},"author":7,"featured_media":0,"parent":0,"menu_order":0,"comment_status":"closed","ping_status":"closed","template":"","meta":{"_price":"","_stock":"","_tribe_ticket_header":"","_tribe_default_ticket_provider":"","_tribe_ticket_capacity":"0","_ticket_start_date":"","_ticket_end_date":"","_tribe_ticket_show_description":"","_tribe_ticket_show_not_going":false,"_tribe_ticket_use_global_stock":"","_tribe_ticket_global_stock_level":"","_global_stock_mode":"","_global_stock_cap":"","_tribe_rsvp_for_event":"","_tribe_ticket_going_count":"","_tribe_ticket_not_going_count":"","_tribe_tickets_list":"[]","_tribe_ticket_has_attendee_info_fields":false,"_EventAllDay":false,"_EventTimezone":"","_EventStartDate":"","_EventEndDate":"","_EventStartDateUTC":"","_EventEndDateUTC":"","_EventShowMap":false,"_EventShowMapLink":false,"_EventURL":"","_EventCost":"","_EventCostDescription":"","_EventCurrencySymbol":"","_EventCurrencyCode":"","_EventCurrencyPosition":"","_EventDateTimeSeparator":"","_EventTimeRangeSeparator":"","_EventOrganizerID":[],"_EventVenueID":[],"_OrganizerEmail":"","_OrganizerPhone":"","_OrganizerWebsite":"","_VenueAddress":"","_VenueCity":"","_VenueCountry":"","_VenueProvince":"","_VenueState":"","_VenueZip":"","_VenuePhone":"","_VenueURL":"","_VenueStateProvince":"","_VenueLat":"","_VenueLng":"","_VenueShowMap":false,"_VenueShowMapLink":false,"footnotes":""},"class_list":["post-8407","page","type-page","status-publish","hentry"],"ticketed":false,"_links":{"self":[{"href":"https:\/\/escueladepedagogia.ufro.cl\/index.php?rest_route=\/wp\/v2\/pages\/8407"}],"collection":[{"href":"https:\/\/escueladepedagogia.ufro.cl\/index.php?rest_route=\/wp\/v2\/pages"}],"about":[{"href":"https:\/\/escueladepedagogia.ufro.cl\/index.php?rest_route=\/wp\/v2\/types\/page"}],"author":[{"embeddable":true,"href":"https:\/\/escueladepedagogia.ufro.cl\/index.php?rest_route=\/wp\/v2\/users\/7"}],"replies":[{"embeddable":true,"href":"https:\/\/escueladepedagogia.ufro.cl\/index.php?rest_route=%2Fwp%2Fv2%2Fcomments&post=8407"}],"version-history":[{"count":8,"href":"https:\/\/escueladepedagogia.ufro.cl\/index.php?rest_route=\/wp\/v2\/pages\/8407\/revisions"}],"predecessor-version":[{"id":8459,"href":"https:\/\/escueladepedagogia.ufro.cl\/index.php?rest_route=\/wp\/v2\/pages\/8407\/revisions\/8459"}],"wp:attachment":[{"href":"https:\/\/escueladepedagogia.ufro.cl\/index.php?rest_route=%2Fwp%2Fv2%2Fmedia&parent=8407"}],"curies":[{"name":"wp","href":"https:\/\/api.w.org\/{rel}","templated":true}]}}