{"id":8401,"date":"2024-04-29T12:26:17","date_gmt":"2024-04-29T16:26:17","guid":{"rendered":"https:\/\/escueladepedagogia.ufro.cl\/?page_id=8401"},"modified":"2024-04-29T17:10:09","modified_gmt":"2024-04-29T21:10:09","slug":"un-poco-de-historia","status":"publish","type":"page","link":"https:\/\/escueladepedagogia.ufro.cl\/?page_id=8401","title":{"rendered":"UN POCO DE HISTORIA"},"content":{"rendered":"\t\t<div data-elementor-type=\"wp-page\" data-elementor-id=\"8401\" class=\"elementor elementor-8401\">\n\t\t\t\t<div class=\"elementor-element elementor-element-ac2ee34 e-flex e-con-boxed e-con e-parent\" data-id=\"ac2ee34\" data-element_type=\"container\">\n\t\t\t\t\t<div class=\"e-con-inner\">\n\t\t\t\t<div class=\"elementor-element elementor-element-cda0e56 elementor-widget elementor-widget-text-editor\" data-id=\"cda0e56\" data-element_type=\"widget\" data-widget_type=\"text-editor.default\">\n\t\t\t\t<div class=\"elementor-widget-container\">\n\t\t\t\t\t\t\t<p>Yo Quiero Ser Profesor\/a, comienza como un programa piloto en el a\u00f1o 2014 dirigido a estudiantes de cuarto medio con vocaci\u00f3n docente de Temuco y otras comunas de la Regi\u00f3n de La Araucan\u00eda, logrando consolidarse durante los a\u00f1os 2015-2018 como un referente a nivel nacional a los Programas de Preparaci\u00f3n y Acceso de Estudiantes de Educaci\u00f3n Media para continuar estudios de Pedagog\u00eda en la Educaci\u00f3n Superior.<\/p><p>A ra\u00edz de la ley de Desarrollo Profesional Docente N\u00b0 20.903, se reformul\u00f3 el Programa, dando mayor realce a la preparaci\u00f3n vocacional y talento pedag\u00f3gico de los estudiantes.<\/p><p>El \u00faltimo a\u00f1o este Programa se ampli\u00f3 al territorio, desarrollando durante el 2023 su 1\u00b0 versi\u00f3n en el Campus Angol de la Universidad de La Frontera, brindando as\u00ed la oportunidad de participar, a los y las estudiantes de la provincia de Malleco.<\/p><p>Adem\u00e1s, se crearon talleres electivos de especialidad por carrera impartida en esta casa de estudios, con el objetivo de profundizar habilidades y competencias de las diferentes disciplinas del \u00e1rea de la pedagog\u00eda.<\/p><p>Cabe destacar que el Programa Yo Quiero Ser Profesor\/a se encuentra acreditado por el Ministerio de Educaci\u00f3n hasta noviembre del a\u00f1o 2024, iniciando as\u00ed, este a\u00f1o, un nuevo proceso de acreditaci\u00f3n.<\/p>\t\t\t\t\t\t<\/div>\n\t\t\t\t<\/div>\n\t\t\t\t\t<\/div>\n\t\t\t\t<\/div>\n\t\t\t\t<\/div>\n\t\t","protected":false},"excerpt":{"rendered":"<p>Yo Quiero Ser Profesor\/a, comienza como un programa piloto en el a\u00f1o 2014 dirigido a estudiantes de cuarto medio con vocaci\u00f3n docente de Temuco&#8230; &nbsp; <a href=\"https:\/\/escueladepedagogia.ufro.cl\/?page_id=8401\" class=\"moretag\">Read More<\/a><\/p>\n","protected":false},"author":7,"featured_media":0,"parent":0,"menu_order":0,"comment_status":"closed","ping_status":"closed","template":"","meta":{"_price":"","_stock":"","_tribe_ticket_header":"","_tribe_default_ticket_provider":"","_tribe_ticket_capacity":"0","_ticket_start_date":"","_ticket_end_date":"","_tribe_ticket_show_description":"","_tribe_ticket_show_not_going":false,"_tribe_ticket_use_global_stock":"","_tribe_ticket_global_stock_level":"","_global_stock_mode":"","_global_stock_cap":"","_tribe_rsvp_for_event":"","_tribe_ticket_going_count":"","_tribe_ticket_not_going_count":"","_tribe_tickets_list":"[]","_tribe_ticket_has_attendee_info_fields":false,"_EventAllDay":false,"_EventTimezone":"","_EventStartDate":"","_EventEndDate":"","_EventStartDateUTC":"","_EventEndDateUTC":"","_EventShowMap":false,"_EventShowMapLink":false,"_EventURL":"","_EventCost":"","_EventCostDescription":"","_EventCurrencySymbol":"","_EventCurrencyCode":"","_EventCurrencyPosition":"","_EventDateTimeSeparator":"","_EventTimeRangeSeparator":"","_EventOrganizerID":[],"_EventVenueID":[],"_OrganizerEmail":"","_OrganizerPhone":"","_OrganizerWebsite":"","_VenueAddress":"","_VenueCity":"","_VenueCountry":"","_VenueProvince":"","_VenueState":"","_VenueZip":"","_VenuePhone":"","_VenueURL":"","_VenueStateProvince":"","_VenueLat":"","_VenueLng":"","_VenueShowMap":false,"_VenueShowMapLink":false,"footnotes":""},"class_list":["post-8401","page","type-page","status-publish","hentry"],"ticketed":false,"_links":{"self":[{"href":"https:\/\/escueladepedagogia.ufro.cl\/index.php?rest_route=\/wp\/v2\/pages\/8401"}],"collection":[{"href":"https:\/\/escueladepedagogia.ufro.cl\/index.php?rest_route=\/wp\/v2\/pages"}],"about":[{"href":"https:\/\/escueladepedagogia.ufro.cl\/index.php?rest_route=\/wp\/v2\/types\/page"}],"author":[{"embeddable":true,"href":"https:\/\/escueladepedagogia.ufro.cl\/index.php?rest_route=\/wp\/v2\/users\/7"}],"replies":[{"embeddable":true,"href":"https:\/\/escueladepedagogia.ufro.cl\/index.php?rest_route=%2Fwp%2Fv2%2Fcomments&post=8401"}],"version-history":[{"count":7,"href":"https:\/\/escueladepedagogia.ufro.cl\/index.php?rest_route=\/wp\/v2\/pages\/8401\/revisions"}],"predecessor-version":[{"id":8467,"href":"https:\/\/escueladepedagogia.ufro.cl\/index.php?rest_route=\/wp\/v2\/pages\/8401\/revisions\/8467"}],"wp:attachment":[{"href":"https:\/\/escueladepedagogia.ufro.cl\/index.php?rest_route=%2Fwp%2Fv2%2Fmedia&parent=8401"}],"curies":[{"name":"wp","href":"https:\/\/api.w.org\/{rel}","templated":true}]}}