{"id":8384,"date":"2024-04-29T12:20:59","date_gmt":"2024-04-29T16:20:59","guid":{"rendered":"https:\/\/escueladepedagogia.ufro.cl\/?page_id=8384"},"modified":"2024-04-29T12:24:36","modified_gmt":"2024-04-29T16:24:36","slug":"como-trabajamos","status":"publish","type":"page","link":"https:\/\/escueladepedagogia.ufro.cl\/?page_id=8384","title":{"rendered":"C\u00d3MO TRABAJAMOS"},"content":{"rendered":"\t\t<div data-elementor-type=\"wp-page\" data-elementor-id=\"8384\" class=\"elementor elementor-8384\">\n\t\t\t\t<div class=\"elementor-element elementor-element-28feb11 e-flex e-con-boxed e-con e-parent\" data-id=\"28feb11\" data-element_type=\"container\">\n\t\t\t\t\t<div class=\"e-con-inner\">\n\t\t\t\t<div class=\"elementor-element elementor-element-0b99b4f elementor-widget elementor-widget-text-editor\" data-id=\"0b99b4f\" data-element_type=\"widget\" data-widget_type=\"text-editor.default\">\n\t\t\t\t<div class=\"elementor-widget-container\">\n\t\t\t\t\t\t\t<p>El Programa de Atracci\u00f3n de Talento Pedag\u00f3gico, Yo Quiero Ser Profesor\/a, en su d\u00e9cima versi\u00f3n, se implementar\u00e1 este 2024 en modalidad presencial, en dos sedes, Temuco y Angol, con clases los d\u00edas s\u00e1bados en la ma\u00f1ana, de 10.00 a 13.00 horas.<\/p><p><strong>Curso n\u00b01: Gabriela Mistral<\/strong>, con clases en dependencias de la Escuela de Pedagog\u00eda de la Universidad de La Frontera, ubicada en calle Montevideo 010, Temuco.<\/p><p><strong>Curso n\u00b02: Jorge Pinto<\/strong>, con clases en el Auditorio del Campus Angol de la Universidad de La Frontera, ubicado en calle Bernardo O\u2019Higgins 050, Angol.<\/p><p>El Yo Quiero Ser Profesor\/a desarrolla las siguientes actividades acad\u00e9micas y formativas, desde el mes de junio a noviembre con 6 m\u00f3dulos obligatorios m\u00e1s 1 taller de electivo de especialidad desarrollado para cada una de las Carreras de Pedagog\u00eda UFRO.<\/p><p>\u00a0<\/p>\t\t\t\t\t\t<\/div>\n\t\t\t\t<\/div>\n\t\t\t\t\t<\/div>\n\t\t\t\t<\/div>\n\t\t<div class=\"elementor-element elementor-element-798a457 e-flex e-con-boxed e-con e-parent\" data-id=\"798a457\" data-element_type=\"container\">\n\t\t\t\t\t<div class=\"e-con-inner\">\n\t\t\t\t<div class=\"elementor-element elementor-element-93b4d41 elementor-widget elementor-widget-heading\" data-id=\"93b4d41\" data-element_type=\"widget\" data-widget_type=\"heading.default\">\n\t\t\t\t<div class=\"elementor-widget-container\">\n\t\t\t<h5 class=\"elementor-heading-title elementor-size-default\">Plan de Estudios \"Yo Quiero Ser Profesor\/a\"<\/h5>\t\t<\/div>\n\t\t\t\t<\/div>\n\t\t\t\t\t<\/div>\n\t\t\t\t<\/div>\n\t\t<div class=\"elementor-element elementor-element-a99af2b e-flex e-con-boxed e-con e-parent\" data-id=\"a99af2b\" data-element_type=\"container\">\n\t\t\t\t\t<div class=\"e-con-inner\">\n\t\t\t\t<div class=\"elementor-element elementor-element-3730265 elementor-widget elementor-widget-image\" data-id=\"3730265\" data-element_type=\"widget\" data-widget_type=\"image.default\">\n\t\t\t\t<div class=\"elementor-widget-container\">\n\t\t\t\t\t\t\t\t\t\t\t\t\t<img fetchpriority=\"high\" decoding=\"async\" width=\"700\" height=\"394\" src=\"https:\/\/escueladepedagogia.ufro.cl\/wp-content\/uploads\/2024\/04\/PLAN-DE-ESTUDIOS-PROGRAMA-YO-QUIERO-SER-PROFESORA-1140x641.png\" class=\"attachment-large size-large wp-image-8393\" alt=\"\" srcset=\"https:\/\/escueladepedagogia.ufro.cl\/wp-content\/uploads\/2024\/04\/PLAN-DE-ESTUDIOS-PROGRAMA-YO-QUIERO-SER-PROFESORA-1140x641.png 1140w, https:\/\/escueladepedagogia.ufro.cl\/wp-content\/uploads\/2024\/04\/PLAN-DE-ESTUDIOS-PROGRAMA-YO-QUIERO-SER-PROFESORA-768x432.png 768w, https:\/\/escueladepedagogia.ufro.cl\/wp-content\/uploads\/2024\/04\/PLAN-DE-ESTUDIOS-PROGRAMA-YO-QUIERO-SER-PROFESORA-1536x864.png 1536w, https:\/\/escueladepedagogia.ufro.cl\/wp-content\/uploads\/2024\/04\/PLAN-DE-ESTUDIOS-PROGRAMA-YO-QUIERO-SER-PROFESORA.png 1920w\" sizes=\"(max-width: 700px) 100vw, 700px\" \/>\t\t\t\t\t\t\t\t\t\t\t\t\t<\/div>\n\t\t\t\t<\/div>\n\t\t\t\t\t<\/div>\n\t\t\t\t<\/div>\n\t\t<div class=\"elementor-element elementor-element-1bfddfa e-flex e-con-boxed e-con e-parent\" data-id=\"1bfddfa\" data-element_type=\"container\">\n\t\t\t\t\t<div class=\"e-con-inner\">\n\t\t\t\t<div class=\"elementor-element elementor-element-bf6f510 elementor-widget elementor-widget-heading\" data-id=\"bf6f510\" data-element_type=\"widget\" data-widget_type=\"heading.default\">\n\t\t\t\t<div class=\"elementor-widget-container\">\n\t\t\t<h5 class=\"elementor-heading-title elementor-size-default\">Otras actividades:<\/h5>\t\t<\/div>\n\t\t\t\t<\/div>\n\t\t\t\t\t<\/div>\n\t\t\t\t<\/div>\n\t\t<div class=\"elementor-element elementor-element-005aeb4 e-flex e-con-boxed e-con e-parent\" data-id=\"005aeb4\" data-element_type=\"container\">\n\t\t\t\t\t<div class=\"e-con-inner\">\n\t\t\t\t<div class=\"elementor-element elementor-element-a725a83 elementor-widget elementor-widget-text-editor\" data-id=\"a725a83\" data-element_type=\"widget\" data-widget_type=\"text-editor.default\">\n\t\t\t\t<div class=\"elementor-widget-container\">\n\t\t\t\t\t\t\t<p>Asimismo, durante el transcurso del a\u00f1o se desarrolla una jornada de inducci\u00f3n a las carreras de pedagog\u00eda, la cual se coordina en conjunto con los\/as directores\/as de las respectivas carreras. En esta jornada, los\/as estudiantes asisten a clases durante un d\u00eda a la pedagog\u00eda de su inter\u00e9s, donde se pueden relacionar directamente con los espacios universitarios y conocer a sus futuros profesores\/as y compa\u00f1eros\/as.<\/p><p>Realizamos acompa\u00f1amiento a cada uno de nuestros estudiantes en todo el proceso de postulaci\u00f3n, incluyendo orientaci\u00f3n para obtenci\u00f3n de becas y matr\u00edcula.<\/p>\t\t\t\t\t\t<\/div>\n\t\t\t\t<\/div>\n\t\t\t\t\t<\/div>\n\t\t\t\t<\/div>\n\t\t\t\t<\/div>\n\t\t","protected":false},"excerpt":{"rendered":"<p>El Programa de Atracci\u00f3n de Talento Pedag\u00f3gico, Yo Quiero Ser Profesor\/a, en su d\u00e9cima versi\u00f3n, se implementar\u00e1 este 2024 en modalidad presencial, en dos&#8230; &nbsp; <a href=\"https:\/\/escueladepedagogia.ufro.cl\/?page_id=8384\" class=\"moretag\">Read More<\/a><\/p>\n","protected":false},"author":7,"featured_media":0,"parent":0,"menu_order":0,"comment_status":"closed","ping_status":"closed","template":"","meta":{"_price":"","_stock":"","_tribe_ticket_header":"","_tribe_default_ticket_provider":"","_tribe_ticket_capacity":"0","_ticket_start_date":"","_ticket_end_date":"","_tribe_ticket_show_description":"","_tribe_ticket_show_not_going":false,"_tribe_ticket_use_global_stock":"","_tribe_ticket_global_stock_level":"","_global_stock_mode":"","_global_stock_cap":"","_tribe_rsvp_for_event":"","_tribe_ticket_going_count":"","_tribe_ticket_not_going_count":"","_tribe_tickets_list":"[]","_tribe_ticket_has_attendee_info_fields":false,"_EventAllDay":false,"_EventTimezone":"","_EventStartDate":"","_EventEndDate":"","_EventStartDateUTC":"","_EventEndDateUTC":"","_EventShowMap":false,"_EventShowMapLink":false,"_EventURL":"","_EventCost":"","_EventCostDescription":"","_EventCurrencySymbol":"","_EventCurrencyCode":"","_EventCurrencyPosition":"","_EventDateTimeSeparator":"","_EventTimeRangeSeparator":"","_EventOrganizerID":[],"_EventVenueID":[],"_OrganizerEmail":"","_OrganizerPhone":"","_OrganizerWebsite":"","_VenueAddress":"","_VenueCity":"","_VenueCountry":"","_VenueProvince":"","_VenueState":"","_VenueZip":"","_VenuePhone":"","_VenueURL":"","_VenueStateProvince":"","_VenueLat":"","_VenueLng":"","_VenueShowMap":false,"_VenueShowMapLink":false,"footnotes":""},"class_list":["post-8384","page","type-page","status-publish","hentry"],"ticketed":false,"_links":{"self":[{"href":"https:\/\/escueladepedagogia.ufro.cl\/index.php?rest_route=\/wp\/v2\/pages\/8384"}],"collection":[{"href":"https:\/\/escueladepedagogia.ufro.cl\/index.php?rest_route=\/wp\/v2\/pages"}],"about":[{"href":"https:\/\/escueladepedagogia.ufro.cl\/index.php?rest_route=\/wp\/v2\/types\/page"}],"author":[{"embeddable":true,"href":"https:\/\/escueladepedagogia.ufro.cl\/index.php?rest_route=\/wp\/v2\/users\/7"}],"replies":[{"embeddable":true,"href":"https:\/\/escueladepedagogia.ufro.cl\/index.php?rest_route=%2Fwp%2Fv2%2Fcomments&post=8384"}],"version-history":[{"count":7,"href":"https:\/\/escueladepedagogia.ufro.cl\/index.php?rest_route=\/wp\/v2\/pages\/8384\/revisions"}],"predecessor-version":[{"id":8400,"href":"https:\/\/escueladepedagogia.ufro.cl\/index.php?rest_route=\/wp\/v2\/pages\/8384\/revisions\/8400"}],"wp:attachment":[{"href":"https:\/\/escueladepedagogia.ufro.cl\/index.php?rest_route=%2Fwp%2Fv2%2Fmedia&parent=8384"}],"curies":[{"name":"wp","href":"https:\/\/api.w.org\/{rel}","templated":true}]}}