{"id":8,"date":"2016-09-21T13:04:36","date_gmt":"2016-09-21T13:04:36","guid":{"rendered":"http:\/\/escueladepedagogia.ufro.cl\/?page_id=8"},"modified":"2024-01-03T16:04:02","modified_gmt":"2024-01-03T20:04:02","slug":"sobre-la-escuela","status":"publish","type":"page","link":"https:\/\/escueladepedagogia.ufro.cl\/?page_id=8","title":{"rendered":"Sobre la escuela"},"content":{"rendered":"\t\t<div data-elementor-type=\"wp-page\" data-elementor-id=\"8\" class=\"elementor elementor-8\">\n\t\t\t\t<div class=\"elementor-element elementor-element-4efffc52 e-con-full e-flex e-con e-parent\" data-id=\"4efffc52\" data-element_type=\"container\">\n\t\t\t\t<div class=\"elementor-element elementor-element-ea37370 elementor-widget elementor-widget-text-editor\" data-id=\"ea37370\" data-element_type=\"widget\" data-widget_type=\"text-editor.default\">\n\t\t\t\t<div class=\"elementor-widget-container\">\n\t\t\t\t\t\t\t<p><a href=\"http:\/\/escueladepedagogia.ufro.cl\/wp-content\/uploads\/2023\/11\/ESCUELA-DE-PEDAGOGIA-2023-1-scaled.jpg\"><img fetchpriority=\"high\" decoding=\"async\" class=\"wp-image-7791 alignright\" src=\"http:\/\/escueladepedagogia.ufro.cl\/wp-content\/uploads\/2023\/11\/ESCUELA-DE-PEDAGOGIA-2023-1-1140x643.jpg\" alt=\"\" width=\"475\" height=\"139\" \/><\/a>Adscrita a la Facultad de Educaci\u00f3n, Ciencias Sociales y Humanidades, la Escuela de Pedagog\u00eda,<strong>\u00a0nace en el a\u00f1o 2010<\/strong>, como una reflexi\u00f3n cr\u00edtica en torno al curr\u00edculum de las hasta ese entonces, seis Carreras de Pedagog\u00eda de la Universidad de La Frontera y su adecuaci\u00f3n al contexto regional y nacional.<\/p><p>Su principal foco es asegurar una <strong>Formaci\u00f3n Inicial\u00a0Docente <\/strong>de calidad, articulada con las exigencias y mejora continua de la formaci\u00f3n de estudiantes de pedagog\u00eda, cumpliendo as\u00ed con el perfil y est\u00e1ndares exigidos por el actual contexto socioeducativo.<\/p><p>La formaci\u00f3n en el pregrado est\u00e1 basada en el permanente v\u00ednculo con la sociedad, estableciendo redes que permitan una comunidad de aprendizaje al servicio de la regi\u00f3n, basado en la gesti\u00f3n del cambio, considerando incluso escenario de modalidad virtual.<\/p><p>Cabe destacar que las carreras de Pedagog\u00eda en Castellano y Comunicaci\u00f3n; Pedagog\u00eda en Historia, Geograf\u00eda y Educaci\u00f3n C\u00edvica; Pedagog\u00eda en Ciencias menci\u00f3n Biolog\u00eda, Qu\u00edmica o F\u00edsica; Pedagog\u00eda en Educaci\u00f3n F\u00edsica, Deportes y Recreaci\u00f3n; Pedagog\u00eda en Ingl\u00e9s Y Pedagog\u00eda en Matem\u00e1tica, se encuentran actualmente acreditadas por la Comisi\u00f3n Nacional de Acreditaci\u00f3n (CNA).<\/p><p>Para el proceso de Admisi\u00f3n\u00a0 2024, la Universidad de La Frontera sum\u00f3 a su oferta acad\u00e9mica la carrera de Pedagog\u00eda en Educaci\u00f3n Diferencial, como parte de un compromiso con el desarrollo de la regi\u00f3n y el pa\u00eds en torno a la formaci\u00f3n de profesoras y profesores.<\/p>\t\t\t\t\t\t<\/div>\n\t\t\t\t<\/div>\n\t\t\t\t<\/div>\n\t\t\t\t<\/div>\n\t\t","protected":false},"excerpt":{"rendered":"<p>Adscrita a la Facultad de Educaci\u00f3n, Ciencias Sociales y Humanidades, la Escuela de Pedagog\u00eda,\u00a0nace en el a\u00f1o 2010, como una reflexi\u00f3n cr\u00edtica en torno&#8230; &nbsp; <a href=\"https:\/\/escueladepedagogia.ufro.cl\/?page_id=8\" class=\"moretag\">Read More<\/a><\/p>\n","protected":false},"author":1,"featured_media":0,"parent":0,"menu_order":0,"comment_status":"closed","ping_status":"closed","template":"page-fullwidth.php","meta":{"_price":"","_stock":"","_tribe_ticket_header":"","_tribe_default_ticket_provider":"","_tribe_ticket_capacity":"0","_ticket_start_date":"","_ticket_end_date":"","_tribe_ticket_show_description":"","_tribe_ticket_show_not_going":false,"_tribe_ticket_use_global_stock":"","_tribe_ticket_global_stock_level":"","_global_stock_mode":"","_global_stock_cap":"","_tribe_rsvp_for_event":"","_tribe_ticket_going_count":"","_tribe_ticket_not_going_count":"","_tribe_tickets_list":"[]","_tribe_ticket_has_attendee_info_fields":false,"_EventAllDay":false,"_EventTimezone":"","_EventStartDate":"","_EventEndDate":"","_EventStartDateUTC":"","_EventEndDateUTC":"","_EventShowMap":false,"_EventShowMapLink":false,"_EventURL":"","_EventCost":"","_EventCostDescription":"","_EventCurrencySymbol":"","_EventCurrencyCode":"","_EventCurrencyPosition":"","_EventDateTimeSeparator":"","_EventTimeRangeSeparator":"","_EventOrganizerID":[],"_EventVenueID":[],"_OrganizerEmail":"","_OrganizerPhone":"","_OrganizerWebsite":"","_VenueAddress":"","_VenueCity":"","_VenueCountry":"","_VenueProvince":"","_VenueState":"","_VenueZip":"","_VenuePhone":"","_VenueURL":"","_VenueStateProvince":"","_VenueLat":"","_VenueLng":"","_VenueShowMap":false,"_VenueShowMapLink":false,"footnotes":""},"class_list":["post-8","page","type-page","status-publish","hentry"],"ticketed":false,"_links":{"self":[{"href":"https:\/\/escueladepedagogia.ufro.cl\/index.php?rest_route=\/wp\/v2\/pages\/8"}],"collection":[{"href":"https:\/\/escueladepedagogia.ufro.cl\/index.php?rest_route=\/wp\/v2\/pages"}],"about":[{"href":"https:\/\/escueladepedagogia.ufro.cl\/index.php?rest_route=\/wp\/v2\/types\/page"}],"author":[{"embeddable":true,"href":"https:\/\/escueladepedagogia.ufro.cl\/index.php?rest_route=\/wp\/v2\/users\/1"}],"replies":[{"embeddable":true,"href":"https:\/\/escueladepedagogia.ufro.cl\/index.php?rest_route=%2Fwp%2Fv2%2Fcomments&post=8"}],"version-history":[{"count":11,"href":"https:\/\/escueladepedagogia.ufro.cl\/index.php?rest_route=\/wp\/v2\/pages\/8\/revisions"}],"predecessor-version":[{"id":7802,"href":"https:\/\/escueladepedagogia.ufro.cl\/index.php?rest_route=\/wp\/v2\/pages\/8\/revisions\/7802"}],"wp:attachment":[{"href":"https:\/\/escueladepedagogia.ufro.cl\/index.php?rest_route=%2Fwp%2Fv2%2Fmedia&parent=8"}],"curies":[{"name":"wp","href":"https:\/\/api.w.org\/{rel}","templated":true}]}}