{"id":56,"date":"2016-09-21T13:15:38","date_gmt":"2016-09-21T13:15:38","guid":{"rendered":"http:\/\/escueladepedagogia.ufro.cl\/?page_id=56"},"modified":"2024-01-09T07:54:51","modified_gmt":"2024-01-09T11:54:51","slug":"psu","status":"publish","type":"page","link":"https:\/\/escueladepedagogia.ufro.cl\/?page_id=56","title":{"rendered":"Auxiliares de Servicio"},"content":{"rendered":"\t\t<div data-elementor-type=\"wp-page\" data-elementor-id=\"56\" class=\"elementor elementor-56\">\n\t\t\t\t<div class=\"elementor-element elementor-element-fa6c650 e-flex e-con-boxed e-con e-parent\" data-id=\"fa6c650\" data-element_type=\"container\">\n\t\t\t\t\t<div class=\"e-con-inner\">\n\t\t\t\t<div class=\"elementor-element elementor-element-bbc0aa8 elementor-widget__width-initial elementor-position-top elementor-widget elementor-widget-image-box\" data-id=\"bbc0aa8\" data-element_type=\"widget\" data-widget_type=\"image-box.default\">\n\t\t\t\t<div class=\"elementor-widget-container\">\n\t\t\t<div class=\"elementor-image-box-wrapper\"><figure class=\"elementor-image-box-img\"><img fetchpriority=\"high\" decoding=\"async\" width=\"1500\" height=\"1000\" src=\"https:\/\/escueladepedagogia.ufro.cl\/wp-content\/uploads\/2023\/11\/America-Colima-Contreras-1.jpg\" class=\"attachment-full size-full wp-image-7683\" alt=\"\" srcset=\"https:\/\/escueladepedagogia.ufro.cl\/wp-content\/uploads\/2023\/11\/America-Colima-Contreras-1.jpg 1500w, https:\/\/escueladepedagogia.ufro.cl\/wp-content\/uploads\/2023\/11\/America-Colima-Contreras-1-1140x760.jpg 1140w, https:\/\/escueladepedagogia.ufro.cl\/wp-content\/uploads\/2023\/11\/America-Colima-Contreras-1-768x512.jpg 768w\" sizes=\"(max-width: 1500px) 100vw, 1500px\" \/><\/figure><div class=\"elementor-image-box-content\"><h5 class=\"elementor-image-box-title\">Am\u00e9rica Colima Contreras<\/h5><p class=\"elementor-image-box-description\">Auxiliar Escuela de Pedagog\u00eda\namerica.colima@ufrontera.cl<br>45 2734197<\/p><\/div><\/div>\t\t<\/div>\n\t\t\t\t<\/div>\n\t\t\t\t<div class=\"elementor-element elementor-element-edd48b2 elementor-widget__width-initial elementor-position-top elementor-widget elementor-widget-image-box\" data-id=\"edd48b2\" data-element_type=\"widget\" data-widget_type=\"image-box.default\">\n\t\t\t\t<div class=\"elementor-widget-container\">\n\t\t\t<div class=\"elementor-image-box-wrapper\"><figure class=\"elementor-image-box-img\"><img decoding=\"async\" width=\"1500\" height=\"1000\" src=\"https:\/\/escueladepedagogia.ufro.cl\/wp-content\/uploads\/2023\/11\/Victor-Inostroza-Brevis-1.jpg\" class=\"attachment-full size-full wp-image-7688\" alt=\"\" srcset=\"https:\/\/escueladepedagogia.ufro.cl\/wp-content\/uploads\/2023\/11\/Victor-Inostroza-Brevis-1.jpg 1500w, https:\/\/escueladepedagogia.ufro.cl\/wp-content\/uploads\/2023\/11\/Victor-Inostroza-Brevis-1-1140x760.jpg 1140w, https:\/\/escueladepedagogia.ufro.cl\/wp-content\/uploads\/2023\/11\/Victor-Inostroza-Brevis-1-768x512.jpg 768w\" sizes=\"(max-width: 1500px) 100vw, 1500px\" \/><\/figure><div class=\"elementor-image-box-content\"><h5 class=\"elementor-image-box-title\">V\u00edctor Inostroza Brevis<\/h5><p class=\"elementor-image-box-description\">Auxiliar\nEscuela de Pedagog\u00eda victor.inostroza@ufrontera.cl<br>45 2734197<\/p><\/div><\/div>\t\t<\/div>\n\t\t\t\t<\/div>\n\t\t\t\t<div class=\"elementor-element elementor-element-74f1364 elementor-widget__width-initial elementor-position-top elementor-widget elementor-widget-image-box\" data-id=\"74f1364\" data-element_type=\"widget\" data-widget_type=\"image-box.default\">\n\t\t\t\t<div class=\"elementor-widget-container\">\n\t\t\t<div class=\"elementor-image-box-wrapper\"><figure class=\"elementor-image-box-img\"><img decoding=\"async\" width=\"1500\" height=\"1000\" src=\"https:\/\/escueladepedagogia.ufro.cl\/wp-content\/uploads\/2023\/11\/Favio-Cayun-Calfuan-1.jpg\" class=\"attachment-full size-full wp-image-7685\" alt=\"\" srcset=\"https:\/\/escueladepedagogia.ufro.cl\/wp-content\/uploads\/2023\/11\/Favio-Cayun-Calfuan-1.jpg 1500w, https:\/\/escueladepedagogia.ufro.cl\/wp-content\/uploads\/2023\/11\/Favio-Cayun-Calfuan-1-1140x760.jpg 1140w, https:\/\/escueladepedagogia.ufro.cl\/wp-content\/uploads\/2023\/11\/Favio-Cayun-Calfuan-1-768x512.jpg 768w\" sizes=\"(max-width: 1500px) 100vw, 1500px\" \/><\/figure><div class=\"elementor-image-box-content\"><h5 class=\"elementor-image-box-title\">Favio Cay\u00fan Calfuan <\/h5><p class=\"elementor-image-box-description\">Auxiliar Escuela de Pedagog\u00eda \nfavio.cayun@ufrontera.cl<br>45 2734197\n<\/p><\/div><\/div>\t\t<\/div>\n\t\t\t\t<\/div>\n\t\t\t\t\t<\/div>\n\t\t\t\t<\/div>\n\t\t<div class=\"elementor-element elementor-element-eb81c2c e-flex e-con-boxed e-con e-parent\" data-id=\"eb81c2c\" data-element_type=\"container\">\n\t\t\t\t\t<div class=\"e-con-inner\">\n\t\t\t\t<div class=\"elementor-element elementor-element-bce7c03 elementor-widget__width-initial elementor-position-top elementor-widget elementor-widget-image-box\" data-id=\"bce7c03\" data-element_type=\"widget\" data-widget_type=\"image-box.default\">\n\t\t\t\t<div class=\"elementor-widget-container\">\n\t\t\t<div class=\"elementor-image-box-wrapper\"><figure class=\"elementor-image-box-img\"><img loading=\"lazy\" decoding=\"async\" width=\"1500\" height=\"1000\" src=\"https:\/\/escueladepedagogia.ufro.cl\/wp-content\/uploads\/2023\/11\/Evelyn-Parra-Vega-1.jpg\" class=\"attachment-full size-full wp-image-7690\" alt=\"\" srcset=\"https:\/\/escueladepedagogia.ufro.cl\/wp-content\/uploads\/2023\/11\/Evelyn-Parra-Vega-1.jpg 1500w, https:\/\/escueladepedagogia.ufro.cl\/wp-content\/uploads\/2023\/11\/Evelyn-Parra-Vega-1-1140x760.jpg 1140w, https:\/\/escueladepedagogia.ufro.cl\/wp-content\/uploads\/2023\/11\/Evelyn-Parra-Vega-1-768x512.jpg 768w\" sizes=\"(max-width: 1500px) 100vw, 1500px\" \/><\/figure><div class=\"elementor-image-box-content\"><h5 class=\"elementor-image-box-title\">Evelyn Parra Vega<\/h5><p class=\"elementor-image-box-description\">Auxiliar Escuela de Pedagog\u00eda\nevelyn.parra@ufrontera.cl<br>45 2734197<\/p><\/div><\/div>\t\t<\/div>\n\t\t\t\t<\/div>\n\t\t\t\t<div class=\"elementor-element elementor-element-b357cac elementor-widget__width-initial elementor-position-top elementor-widget elementor-widget-image-box\" data-id=\"b357cac\" data-element_type=\"widget\" data-widget_type=\"image-box.default\">\n\t\t\t\t<div class=\"elementor-widget-container\">\n\t\t\t<div class=\"elementor-image-box-wrapper\"><figure class=\"elementor-image-box-img\"><img loading=\"lazy\" decoding=\"async\" width=\"1500\" height=\"1000\" src=\"https:\/\/escueladepedagogia.ufro.cl\/wp-content\/uploads\/2023\/11\/Sofia-Cofre-Colomera-1.jpg\" class=\"attachment-full size-full wp-image-7687\" alt=\"\" srcset=\"https:\/\/escueladepedagogia.ufro.cl\/wp-content\/uploads\/2023\/11\/Sofia-Cofre-Colomera-1.jpg 1500w, https:\/\/escueladepedagogia.ufro.cl\/wp-content\/uploads\/2023\/11\/Sofia-Cofre-Colomera-1-1140x760.jpg 1140w, https:\/\/escueladepedagogia.ufro.cl\/wp-content\/uploads\/2023\/11\/Sofia-Cofre-Colomera-1-768x512.jpg 768w\" sizes=\"(max-width: 1500px) 100vw, 1500px\" \/><\/figure><div class=\"elementor-image-box-content\"><h5 class=\"elementor-image-box-title\">Sof\u00eda Cofr\u00e9 Colomera<\/h5><p class=\"elementor-image-box-description\">Auxiliar Escuela de Pedagog\u00eda\nsofia.cofre@ufrontera.cl<br>45 2734197<\/p><\/div><\/div>\t\t<\/div>\n\t\t\t\t<\/div>\n\t\t\t\t\t<\/div>\n\t\t\t\t<\/div>\n\t\t\t\t<\/div>\n\t\t","protected":false},"excerpt":{"rendered":"<p>Am\u00e9rica Colima ContrerasAuxiliar Escuela de Pedagog\u00eda america.colima@ufrontera.cl45 2734197 V\u00edctor Inostroza BrevisAuxiliar Escuela de Pedagog\u00eda victor.inostroza@ufrontera.cl45 2734197 Favio Cay\u00fan Calfuan Auxiliar Escuela de Pedagog\u00eda favio.cayun@ufrontera.cl45&#8230; &nbsp; <a href=\"https:\/\/escueladepedagogia.ufro.cl\/?page_id=56\" class=\"moretag\">Read More<\/a><\/p>\n","protected":false},"author":1,"featured_media":0,"parent":0,"menu_order":0,"comment_status":"closed","ping_status":"closed","template":"page-fullwidth.php","meta":{"_price":"","_stock":"","_tribe_ticket_header":"","_tribe_default_ticket_provider":"","_tribe_ticket_capacity":"0","_ticket_start_date":"","_ticket_end_date":"","_tribe_ticket_show_description":"","_tribe_ticket_show_not_going":false,"_tribe_ticket_use_global_stock":"","_tribe_ticket_global_stock_level":"","_global_stock_mode":"","_global_stock_cap":"","_tribe_rsvp_for_event":"","_tribe_ticket_going_count":"","_tribe_ticket_not_going_count":"","_tribe_tickets_list":"[]","_tribe_ticket_has_attendee_info_fields":false,"_EventAllDay":false,"_EventTimezone":"","_EventStartDate":"","_EventEndDate":"","_EventStartDateUTC":"","_EventEndDateUTC":"","_EventShowMap":false,"_EventShowMapLink":false,"_EventURL":"","_EventCost":"","_EventCostDescription":"","_EventCurrencySymbol":"","_EventCurrencyCode":"","_EventCurrencyPosition":"","_EventDateTimeSeparator":"","_EventTimeRangeSeparator":"","_EventOrganizerID":[],"_EventVenueID":[],"_OrganizerEmail":"","_OrganizerPhone":"","_OrganizerWebsite":"","_VenueAddress":"","_VenueCity":"","_VenueCountry":"","_VenueProvince":"","_VenueState":"","_VenueZip":"","_VenuePhone":"","_VenueURL":"","_VenueStateProvince":"","_VenueLat":"","_VenueLng":"","_VenueShowMap":false,"_VenueShowMapLink":false,"footnotes":""},"class_list":["post-56","page","type-page","status-publish","hentry"],"ticketed":false,"_links":{"self":[{"href":"https:\/\/escueladepedagogia.ufro.cl\/index.php?rest_route=\/wp\/v2\/pages\/56"}],"collection":[{"href":"https:\/\/escueladepedagogia.ufro.cl\/index.php?rest_route=\/wp\/v2\/pages"}],"about":[{"href":"https:\/\/escueladepedagogia.ufro.cl\/index.php?rest_route=\/wp\/v2\/types\/page"}],"author":[{"embeddable":true,"href":"https:\/\/escueladepedagogia.ufro.cl\/index.php?rest_route=\/wp\/v2\/users\/1"}],"replies":[{"embeddable":true,"href":"https:\/\/escueladepedagogia.ufro.cl\/index.php?rest_route=%2Fwp%2Fv2%2Fcomments&post=56"}],"version-history":[{"count":34,"href":"https:\/\/escueladepedagogia.ufro.cl\/index.php?rest_route=\/wp\/v2\/pages\/56\/revisions"}],"predecessor-version":[{"id":7994,"href":"https:\/\/escueladepedagogia.ufro.cl\/index.php?rest_route=\/wp\/v2\/pages\/56\/revisions\/7994"}],"wp:attachment":[{"href":"https:\/\/escueladepedagogia.ufro.cl\/index.php?rest_route=%2Fwp%2Fv2%2Fmedia&parent=56"}],"curies":[{"name":"wp","href":"https:\/\/api.w.org\/{rel}","templated":true}]}}