{"id":372,"date":"2017-04-04T09:01:05","date_gmt":"2017-04-04T13:01:05","guid":{"rendered":"http:\/\/escueladepedagogia.ufro.cl\/?page_id=372"},"modified":"2024-01-26T14:50:56","modified_gmt":"2024-01-26T18:50:56","slug":"direccion","status":"publish","type":"page","link":"https:\/\/escueladepedagogia.ufro.cl\/?page_id=372","title":{"rendered":"Direcci\u00f3n"},"content":{"rendered":"\t\t<div data-elementor-type=\"wp-page\" data-elementor-id=\"372\" class=\"elementor elementor-372\">\n\t\t\t\t<div class=\"elementor-element elementor-element-29596bc e-flex e-con-boxed e-con e-parent\" data-id=\"29596bc\" data-element_type=\"container\">\n\t\t\t\t\t<div class=\"e-con-inner\">\n\t\t<div class=\"elementor-element elementor-element-a205eec e-con-full e-flex e-con e-child\" data-id=\"a205eec\" data-element_type=\"container\">\n\t\t\t\t<div class=\"elementor-element elementor-element-c6fb6ac elementor-widget elementor-widget-text-editor\" data-id=\"c6fb6ac\" data-element_type=\"widget\" data-widget_type=\"text-editor.default\">\n\t\t\t\t<div class=\"elementor-widget-container\">\n\t\t\t\t\t\t\t<p><strong>Palabras de la Directora<\/strong><\/p><p>La Escuela de Pedagog\u00eda de la Universidad de La Frontera, tiene por prop\u00f3sito contribuir a la formaci\u00f3n de profesores y profesoras desde una mirada integral y asumiendo la responsabilidad social que esto implica por el rol que asumir\u00e1n quienes se convertir\u00e1n en agentes de cambio en el \u00e1mbito educativo y en la sociedad en general.<\/p><p>Nos convoca trabajar por un ambiente inclusivo y estimulante que fomenta la colaboraci\u00f3n, el pensamiento cr\u00edtico y la creatividad. Creemos firmemente en la importancia de formar profesores y profesoras comprometidos y dotados de las habilidades necesarias para enfrentar los desaf\u00edos del siglo XXI.<\/p><p>Estamos motivados y motivadas de tener la oportunidad de guiar a\u00a0 CADA UNO de nuestros y nuestras estudiantes, apoy\u00e1ndoles para que su trayectoria formativa los conduzca en un futuro \u00a0\u00a0hacia la excelencia docente.<\/p><p>Esperamos que su tiempo en la Universidad sea una puerta de entrada a un mundo de conocimiento, inspiraci\u00f3n y crecimiento personal y profesional permanente.<\/p><p>Bienvenidos y Bienvenidas a la Escuela de Pedagog\u00eda de la Universidad de La Frontera.<\/p>\t\t\t\t\t\t<\/div>\n\t\t\t\t<\/div>\n\t\t\t\t<\/div>\n\t\t<div class=\"elementor-element elementor-element-ff60a6e e-con-full e-flex e-con e-child\" data-id=\"ff60a6e\" data-element_type=\"container\">\n\t\t<div class=\"elementor-element elementor-element-00bc8ab e-flex e-con-boxed e-con e-child\" data-id=\"00bc8ab\" data-element_type=\"container\">\n\t\t\t\t\t<div class=\"e-con-inner\">\n\t\t\t\t<div class=\"elementor-element elementor-element-77539a5 elementor-position-top elementor-widget elementor-widget-image-box\" data-id=\"77539a5\" data-element_type=\"widget\" data-widget_type=\"image-box.default\">\n\t\t\t\t<div class=\"elementor-widget-container\">\n\t\t\t<div class=\"elementor-image-box-wrapper\"><figure class=\"elementor-image-box-img\"><img fetchpriority=\"high\" decoding=\"async\" width=\"2348\" height=\"2560\" src=\"https:\/\/escueladepedagogia.ufro.cl\/wp-content\/uploads\/2023\/12\/Ana-Patricia-Pino-scaled.jpg\" class=\"attachment-full size-full wp-image-7606\" alt=\"\" srcset=\"https:\/\/escueladepedagogia.ufro.cl\/wp-content\/uploads\/2023\/12\/Ana-Patricia-Pino-scaled.jpg 2348w, https:\/\/escueladepedagogia.ufro.cl\/wp-content\/uploads\/2023\/12\/Ana-Patricia-Pino-1140x1243.jpg 1140w, https:\/\/escueladepedagogia.ufro.cl\/wp-content\/uploads\/2023\/12\/Ana-Patricia-Pino-768x837.jpg 768w, https:\/\/escueladepedagogia.ufro.cl\/wp-content\/uploads\/2023\/12\/Ana-Patricia-Pino-1409x1536.jpg 1409w, https:\/\/escueladepedagogia.ufro.cl\/wp-content\/uploads\/2023\/12\/Ana-Patricia-Pino-1878x2048.jpg 1878w\" sizes=\"(max-width: 2348px) 100vw, 2348px\" \/><\/figure><div class=\"elementor-image-box-content\"><h5 class=\"elementor-image-box-title\">Mg. Ana Patricia Pino Concha\u00a0<\/h5><p class=\"elementor-image-box-description\">Directora Escuela de Pedagog\u00eda <br>ana.pino@ufrontera.cl<br>45 2&nbsp;734048<\/p><\/div><\/div>\t\t<\/div>\n\t\t\t\t<\/div>\n\t\t\t\t\t<\/div>\n\t\t\t\t<\/div>\n\t\t<div class=\"elementor-element elementor-element-088927e e-flex e-con-boxed e-con e-child\" data-id=\"088927e\" data-element_type=\"container\">\n\t\t\t\t\t<div class=\"e-con-inner\">\n\t\t\t\t<div class=\"elementor-element elementor-element-60b57bc elementor-position-top elementor-widget elementor-widget-image-box\" data-id=\"60b57bc\" data-element_type=\"widget\" data-widget_type=\"image-box.default\">\n\t\t\t\t<div class=\"elementor-widget-container\">\n\t\t\t<div class=\"elementor-image-box-wrapper\"><figure class=\"elementor-image-box-img\"><img decoding=\"async\" width=\"1500\" height=\"1000\" src=\"https:\/\/escueladepedagogia.ufro.cl\/wp-content\/uploads\/2023\/11\/Luisa-Colicheo-Ancan.jpg\" class=\"attachment-full size-full wp-image-7675\" alt=\"\" srcset=\"https:\/\/escueladepedagogia.ufro.cl\/wp-content\/uploads\/2023\/11\/Luisa-Colicheo-Ancan.jpg 1500w, https:\/\/escueladepedagogia.ufro.cl\/wp-content\/uploads\/2023\/11\/Luisa-Colicheo-Ancan-1140x760.jpg 1140w, https:\/\/escueladepedagogia.ufro.cl\/wp-content\/uploads\/2023\/11\/Luisa-Colicheo-Ancan-768x512.jpg 768w\" sizes=\"(max-width: 1500px) 100vw, 1500px\" \/><\/figure><div class=\"elementor-image-box-content\"><h5 class=\"elementor-image-box-title\">Luisa Colicheo Anc\u00e1n<\/h5><p class=\"elementor-image-box-description\">Secretaria Direcci\u00f3n Escuela<br>luisa.colicheo@ufrontera.cl<br>45 2596509<\/p><\/div><\/div>\t\t<\/div>\n\t\t\t\t<\/div>\n\t\t\t\t\t<\/div>\n\t\t\t\t<\/div>\n\t\t\t\t<\/div>\n\t\t\t\t\t<\/div>\n\t\t\t\t<\/div>\n\t\t\t\t<\/div>\n\t\t","protected":false},"excerpt":{"rendered":"<p>Palabras de la DirectoraLa Escuela de Pedagog\u00eda de la Universidad de La Frontera, tiene por prop\u00f3sito contribuir a la formaci\u00f3n de profesores y profesoras&#8230; &nbsp; <a href=\"https:\/\/escueladepedagogia.ufro.cl\/?page_id=372\" class=\"moretag\">Read More<\/a><\/p>\n","protected":false},"author":1,"featured_media":0,"parent":0,"menu_order":0,"comment_status":"closed","ping_status":"closed","template":"page-fullwidth.php","meta":{"_price":"","_stock":"","_tribe_ticket_header":"","_tribe_default_ticket_provider":"","_tribe_ticket_capacity":"0","_ticket_start_date":"","_ticket_end_date":"","_tribe_ticket_show_description":"","_tribe_ticket_show_not_going":false,"_tribe_ticket_use_global_stock":"","_tribe_ticket_global_stock_level":"","_global_stock_mode":"","_global_stock_cap":"","_tribe_rsvp_for_event":"","_tribe_ticket_going_count":"","_tribe_ticket_not_going_count":"","_tribe_tickets_list":"[]","_tribe_ticket_has_attendee_info_fields":false,"_EventAllDay":false,"_EventTimezone":"","_EventStartDate":"","_EventEndDate":"","_EventStartDateUTC":"","_EventEndDateUTC":"","_EventShowMap":false,"_EventShowMapLink":false,"_EventURL":"","_EventCost":"","_EventCostDescription":"","_EventCurrencySymbol":"","_EventCurrencyCode":"","_EventCurrencyPosition":"","_EventDateTimeSeparator":"","_EventTimeRangeSeparator":"","_EventOrganizerID":[],"_EventVenueID":[],"_OrganizerEmail":"","_OrganizerPhone":"","_OrganizerWebsite":"","_VenueAddress":"","_VenueCity":"","_VenueCountry":"","_VenueProvince":"","_VenueState":"","_VenueZip":"","_VenuePhone":"","_VenueURL":"","_VenueStateProvince":"","_VenueLat":"","_VenueLng":"","_VenueShowMap":false,"_VenueShowMapLink":false,"footnotes":""},"class_list":["post-372","page","type-page","status-publish","hentry"],"ticketed":false,"_links":{"self":[{"href":"https:\/\/escueladepedagogia.ufro.cl\/index.php?rest_route=\/wp\/v2\/pages\/372"}],"collection":[{"href":"https:\/\/escueladepedagogia.ufro.cl\/index.php?rest_route=\/wp\/v2\/pages"}],"about":[{"href":"https:\/\/escueladepedagogia.ufro.cl\/index.php?rest_route=\/wp\/v2\/types\/page"}],"author":[{"embeddable":true,"href":"https:\/\/escueladepedagogia.ufro.cl\/index.php?rest_route=\/wp\/v2\/users\/1"}],"replies":[{"embeddable":true,"href":"https:\/\/escueladepedagogia.ufro.cl\/index.php?rest_route=%2Fwp%2Fv2%2Fcomments&post=372"}],"version-history":[{"count":56,"href":"https:\/\/escueladepedagogia.ufro.cl\/index.php?rest_route=\/wp\/v2\/pages\/372\/revisions"}],"predecessor-version":[{"id":8284,"href":"https:\/\/escueladepedagogia.ufro.cl\/index.php?rest_route=\/wp\/v2\/pages\/372\/revisions\/8284"}],"wp:attachment":[{"href":"https:\/\/escueladepedagogia.ufro.cl\/index.php?rest_route=%2Fwp%2Fv2%2Fmedia&parent=372"}],"curies":[{"name":"wp","href":"https:\/\/api.w.org\/{rel}","templated":true}]}}