{"id":10,"date":"2016-09-21T13:04:55","date_gmt":"2016-09-21T13:04:55","guid":{"rendered":"http:\/\/escueladepedagogia.ufro.cl\/?page_id=10"},"modified":"2025-04-10T09:51:28","modified_gmt":"2025-04-10T13:51:28","slug":"equipo-de-practicas","status":"publish","type":"page","link":"https:\/\/escueladepedagogia.ufro.cl\/?page_id=10","title":{"rendered":"Equipo Unidad de Pr\u00e1cticas Pedag\u00f3gicas"},"content":{"rendered":"\t\t<div data-elementor-type=\"wp-page\" data-elementor-id=\"10\" class=\"elementor elementor-10\">\n\t\t\t\t<div class=\"elementor-element elementor-element-71bd9f9 e-flex e-con-boxed e-con e-parent\" data-id=\"71bd9f9\" data-element_type=\"container\">\n\t\t\t\t\t<div class=\"e-con-inner\">\n\t\t<div class=\"elementor-element elementor-element-ea32f9b e-con-full e-flex e-con e-child\" data-id=\"ea32f9b\" data-element_type=\"container\">\n\t\t\t\t<div class=\"elementor-element elementor-element-858041c elementor-widget__width-initial elementor-widget elementor-widget-text-editor\" data-id=\"858041c\" data-element_type=\"widget\" data-widget_type=\"text-editor.default\">\n\t\t\t\t<div class=\"elementor-widget-container\">\n\t\t\t\t\t\t\t<p style=\"text-align: justify;\"><span style=\"text-align: justify;\">Esta unidad tiene como prop\u00f3sito gestionar los procesos de la l\u00ednea de pr\u00e1cticas de los estudiantes de las seis carreras de Pedagog\u00eda. Organizando tanto acad\u00e9mica como administrativamente la vinculaci\u00f3n con las instituciones que reciben a las y los estudiantes en las pr\u00e1cticas iniciales, intermedias y profesionales.<\/span><\/p><p style=\"text-align: justify;\"><span style=\"font-weight: 400;\">Adem\u00e1s, se encarga de coordinar la red de profesores colaboradores de los distintos establecimientos que asisten la pr\u00e1ctica de los estudiantes, contribuyendo a dilucidar los caminos que le permitir\u00e1n al futuro profesor ir alcanzado el \u00e9xito en los procesos de ense\u00f1anza aprendizaje implementados en los liceos y escuelas de la regi\u00f3n.<\/span><\/p><p style=\"text-align: justify;\"><span style=\"font-weight: 400;\">Otra de las funciones del equipo de pr\u00e1cticas es el seguimiento y monitoreo del proceso de pr\u00e1ctica profesional del estudiante, guiando la construcci\u00f3n de dise\u00f1os de clases y artefactos pedag\u00f3gicos, discutiendo las formas de tratamiento de los contenidos, supervisando clases y apoyando en la construcci\u00f3n de portafolios. Todo lo anterior en un marco de dialogo y reflexi\u00f3n constante que coadyuve a la formaci\u00f3n de los futuros profesores.<\/span><\/p><p style=\"text-align: justify;\"><span style=\"font-weight: 400;\">De acuerdo a las necesidades del proceso, se incorporan en forma part-time profesionales de trayectoria de las distintas \u00e1reas del conocimiento en funciones de supervisi\u00f3n de los distintos procesos de pr\u00e1ctica.<\/span><\/p>\t\t\t\t\t\t<\/div>\n\t\t\t\t<\/div>\n\t\t\t\t<\/div>\n\t\t<div class=\"elementor-element elementor-element-77d8f7d e-con-full e-flex e-con e-child\" data-id=\"77d8f7d\" data-element_type=\"container\">\n\t\t<div class=\"elementor-element elementor-element-a7af227 e-flex e-con-boxed e-con e-child\" data-id=\"a7af227\" data-element_type=\"container\">\n\t\t\t\t\t<div class=\"e-con-inner\">\n\t\t\t\t\t<\/div>\n\t\t\t\t<\/div>\n\t\t<div class=\"elementor-element elementor-element-957fc88 e-flex e-con-boxed e-con e-child\" data-id=\"957fc88\" data-element_type=\"container\">\n\t\t\t\t\t<div class=\"e-con-inner\">\n\t\t\t\t\t<\/div>\n\t\t\t\t<\/div>\n\t\t\t\t<\/div>\n\t\t\t\t\t<\/div>\n\t\t\t\t<\/div>\n\t\t<div class=\"elementor-element elementor-element-996dbd7 e-flex e-con-boxed e-con e-parent\" data-id=\"996dbd7\" data-element_type=\"container\">\n\t\t\t\t\t<div class=\"e-con-inner\">\n\t\t\t\t<div class=\"elementor-element elementor-element-7dfc907 elementor-widget elementor-widget-heading\" data-id=\"7dfc907\" data-element_type=\"widget\" data-widget_type=\"heading.default\">\n\t\t\t\t<div class=\"elementor-widget-container\">\n\t\t\t<h5 class=\"elementor-heading-title elementor-size-default\"><b>Coordinadores por carrera<\/b><\/h5>\t\t<\/div>\n\t\t\t\t<\/div>\n\t\t\t\t\t<\/div>\n\t\t\t\t<\/div>\n\t\t<div class=\"elementor-element elementor-element-4fee61f e-flex e-con-boxed e-con e-parent\" data-id=\"4fee61f\" data-element_type=\"container\">\n\t\t\t\t\t<div class=\"e-con-inner\">\n\t\t<div class=\"elementor-element elementor-element-0d1c570 e-con-full e-flex e-con e-child\" data-id=\"0d1c570\" data-element_type=\"container\">\n\t\t\t\t<div class=\"elementor-element elementor-element-e3b67d3 elementor-position-top elementor-widget elementor-widget-image-box\" data-id=\"e3b67d3\" data-element_type=\"widget\" data-widget_type=\"image-box.default\">\n\t\t\t\t<div class=\"elementor-widget-container\">\n\t\t\t<div class=\"elementor-image-box-wrapper\"><figure class=\"elementor-image-box-img\"><img fetchpriority=\"high\" decoding=\"async\" width=\"1500\" height=\"1000\" src=\"https:\/\/escueladepedagogia.ufro.cl\/wp-content\/uploads\/2023\/10\/Exequiel-Rosales-Lizama-1.jpg\" class=\"attachment-full size-full wp-image-6991\" alt=\"\" srcset=\"https:\/\/escueladepedagogia.ufro.cl\/wp-content\/uploads\/2023\/10\/Exequiel-Rosales-Lizama-1.jpg 1500w, https:\/\/escueladepedagogia.ufro.cl\/wp-content\/uploads\/2023\/10\/Exequiel-Rosales-Lizama-1-1140x760.jpg 1140w, https:\/\/escueladepedagogia.ufro.cl\/wp-content\/uploads\/2023\/10\/Exequiel-Rosales-Lizama-1-768x512.jpg 768w\" sizes=\"(max-width: 1500px) 100vw, 1500px\" \/><\/figure><div class=\"elementor-image-box-content\"><h5 class=\"elementor-image-box-title\">Mg. Exequiel Rosales Lizama<\/h5><p class=\"elementor-image-box-description\">Coordinador de Pr\u00e1ctica Pedagog\u00eda en Ciencias menci\u00f3n Biolog\u00eda, Quimica o F\u00edsica\nexequiel.rosales@ufrontera.cl<br>45 2 734199<\/p><\/div><\/div>\t\t<\/div>\n\t\t\t\t<\/div>\n\t\t\t\t<\/div>\n\t\t<div class=\"elementor-element elementor-element-9828a68 e-con-full e-flex e-con e-child\" data-id=\"9828a68\" data-element_type=\"container\">\n\t\t\t\t<div class=\"elementor-element elementor-element-18dddc2 elementor-position-top elementor-widget elementor-widget-image-box\" data-id=\"18dddc2\" data-element_type=\"widget\" data-widget_type=\"image-box.default\">\n\t\t\t\t<div class=\"elementor-widget-container\">\n\t\t\t<div class=\"elementor-image-box-wrapper\"><figure class=\"elementor-image-box-img\"><img decoding=\"async\" width=\"1500\" height=\"1000\" src=\"https:\/\/escueladepedagogia.ufro.cl\/wp-content\/uploads\/2023\/10\/Carolina-Collao-Fuentes-1.jpg\" class=\"attachment-full size-full wp-image-6994\" alt=\"\" srcset=\"https:\/\/escueladepedagogia.ufro.cl\/wp-content\/uploads\/2023\/10\/Carolina-Collao-Fuentes-1.jpg 1500w, https:\/\/escueladepedagogia.ufro.cl\/wp-content\/uploads\/2023\/10\/Carolina-Collao-Fuentes-1-1140x760.jpg 1140w, https:\/\/escueladepedagogia.ufro.cl\/wp-content\/uploads\/2023\/10\/Carolina-Collao-Fuentes-1-768x512.jpg 768w\" sizes=\"(max-width: 1500px) 100vw, 1500px\" \/><\/figure><div class=\"elementor-image-box-content\"><h5 class=\"elementor-image-box-title\">Mg. Carolina Collao Fuentes <\/h5><p class=\"elementor-image-box-description\">Coordinadora de Pr\u00e1ctica Pedagog\u00eda en Educaci\u00f3n F\u00edsica, Deportes y Recreaci\u00f3n\ncarolina.collao@ufrontera.cl<br>45 2 734199<\/p><\/div><\/div>\t\t<\/div>\n\t\t\t\t<\/div>\n\t\t\t\t<\/div>\n\t\t<div class=\"elementor-element elementor-element-aedc767 e-con-full e-flex e-con e-child\" data-id=\"aedc767\" data-element_type=\"container\">\n\t\t\t\t<div class=\"elementor-element elementor-element-a07da66 elementor-position-top elementor-widget elementor-widget-image-box\" data-id=\"a07da66\" data-element_type=\"widget\" data-widget_type=\"image-box.default\">\n\t\t\t\t<div class=\"elementor-widget-container\">\n\t\t\t<div class=\"elementor-image-box-wrapper\"><figure class=\"elementor-image-box-img\"><img decoding=\"async\" width=\"1500\" height=\"1000\" src=\"https:\/\/escueladepedagogia.ufro.cl\/wp-content\/uploads\/2023\/10\/Elizabeth-Henriquez-Moran-1.jpg\" class=\"attachment-full size-full wp-image-7206\" alt=\"\" srcset=\"https:\/\/escueladepedagogia.ufro.cl\/wp-content\/uploads\/2023\/10\/Elizabeth-Henriquez-Moran-1.jpg 1500w, https:\/\/escueladepedagogia.ufro.cl\/wp-content\/uploads\/2023\/10\/Elizabeth-Henriquez-Moran-1-1140x760.jpg 1140w, https:\/\/escueladepedagogia.ufro.cl\/wp-content\/uploads\/2023\/10\/Elizabeth-Henriquez-Moran-1-768x512.jpg 768w\" sizes=\"(max-width: 1500px) 100vw, 1500px\" \/><\/figure><div class=\"elementor-image-box-content\"><h5 class=\"elementor-image-box-title\">Mg. Elizabeth Henr\u00edquez Mor\u00e1n<\/h5><p class=\"elementor-image-box-description\">Coordinadora de Pr\u00e1ctica\nPedagog\u00eda en Matem\u00e1tica<br>elizabeth.henriquez@ufrontera.cl<br>45 2 734199<\/p><\/div><\/div>\t\t<\/div>\n\t\t\t\t<\/div>\n\t\t\t\t<\/div>\n\t\t<div class=\"elementor-element elementor-element-9ea79f5 e-con-full e-flex e-con e-child\" data-id=\"9ea79f5\" data-element_type=\"container\">\n\t\t\t\t<div class=\"elementor-element elementor-element-7d5978a elementor-position-top elementor-widget elementor-widget-image-box\" data-id=\"7d5978a\" data-element_type=\"widget\" data-widget_type=\"image-box.default\">\n\t\t\t\t<div class=\"elementor-widget-container\">\n\t\t\t<div class=\"elementor-image-box-wrapper\"><figure class=\"elementor-image-box-img\"><img loading=\"lazy\" decoding=\"async\" width=\"1500\" height=\"1000\" src=\"https:\/\/escueladepedagogia.ufro.cl\/wp-content\/uploads\/2023\/11\/Carmen-Gloria-Ormazabal-Astudillo.jpg\" class=\"attachment-full size-full wp-image-7820\" alt=\"\" srcset=\"https:\/\/escueladepedagogia.ufro.cl\/wp-content\/uploads\/2023\/11\/Carmen-Gloria-Ormazabal-Astudillo.jpg 1500w, https:\/\/escueladepedagogia.ufro.cl\/wp-content\/uploads\/2023\/11\/Carmen-Gloria-Ormazabal-Astudillo-1140x760.jpg 1140w, https:\/\/escueladepedagogia.ufro.cl\/wp-content\/uploads\/2023\/11\/Carmen-Gloria-Ormazabal-Astudillo-768x512.jpg 768w, https:\/\/escueladepedagogia.ufro.cl\/wp-content\/uploads\/2023\/11\/Carmen-Gloria-Ormazabal-Astudillo-272x182.jpg 272w\" sizes=\"(max-width: 1500px) 100vw, 1500px\" \/><\/figure><div class=\"elementor-image-box-content\"><h5 class=\"elementor-image-box-title\">Mg. Carmen Gloria Ormazabal Astudillo <\/h5><p class=\"elementor-image-box-description\">Coordinadora de Pr\u00e1ctica\nPedagog\u00eda en Ingl\u00e9s\ncarmen.ormazabal@ufrontera.cl<br>45 2 734199<\/p><\/div><\/div>\t\t<\/div>\n\t\t\t\t<\/div>\n\t\t\t\t<div class=\"elementor-element elementor-element-70e2ac0 elementor-position-top elementor-widget elementor-widget-image-box\" data-id=\"70e2ac0\" data-element_type=\"widget\" data-widget_type=\"image-box.default\">\n\t\t\t\t<div class=\"elementor-widget-container\">\n\t\t\t<div class=\"elementor-image-box-wrapper\"><figure class=\"elementor-image-box-img\"><img loading=\"lazy\" decoding=\"async\" width=\"2560\" height=\"1920\" src=\"https:\/\/escueladepedagogia.ufro.cl\/wp-content\/uploads\/2025\/04\/WhatsApp-Image-2025-04-07-at-11.55.06-scaled.jpeg\" class=\"attachment-full size-full wp-image-8824\" alt=\"\" srcset=\"https:\/\/escueladepedagogia.ufro.cl\/wp-content\/uploads\/2025\/04\/WhatsApp-Image-2025-04-07-at-11.55.06-scaled.jpeg 2560w, https:\/\/escueladepedagogia.ufro.cl\/wp-content\/uploads\/2025\/04\/WhatsApp-Image-2025-04-07-at-11.55.06-1140x855.jpeg 1140w, https:\/\/escueladepedagogia.ufro.cl\/wp-content\/uploads\/2025\/04\/WhatsApp-Image-2025-04-07-at-11.55.06-768x576.jpeg 768w, https:\/\/escueladepedagogia.ufro.cl\/wp-content\/uploads\/2025\/04\/WhatsApp-Image-2025-04-07-at-11.55.06-1536x1152.jpeg 1536w, https:\/\/escueladepedagogia.ufro.cl\/wp-content\/uploads\/2025\/04\/WhatsApp-Image-2025-04-07-at-11.55.06-2048x1536.jpeg 2048w\" sizes=\"(max-width: 2560px) 100vw, 2560px\" \/><\/figure><div class=\"elementor-image-box-content\"><h5 class=\"elementor-image-box-title\">Mg. Camila M\u00e9ndez Oses<\/h5><p class=\"elementor-image-box-description\">Coordinadora de Pr\u00e1ctica\nPedagog\u00eda en Educaci\u00f3n Diferencial\ncamila.mendez@ufrontera.cl<br>45 2 734164<\/p><\/div><\/div>\t\t<\/div>\n\t\t\t\t<\/div>\n\t\t\t\t<\/div>\n\t\t<div class=\"elementor-element elementor-element-27d2d42 e-con-full e-flex e-con e-child\" data-id=\"27d2d42\" data-element_type=\"container\">\n\t\t\t\t<div class=\"elementor-element elementor-element-486bdb7 elementor-position-top elementor-widget elementor-widget-image-box\" data-id=\"486bdb7\" data-element_type=\"widget\" data-widget_type=\"image-box.default\">\n\t\t\t\t<div class=\"elementor-widget-container\">\n\t\t\t<div class=\"elementor-image-box-wrapper\"><figure class=\"elementor-image-box-img\"><img loading=\"lazy\" decoding=\"async\" width=\"1500\" height=\"1000\" src=\"https:\/\/escueladepedagogia.ufro.cl\/wp-content\/uploads\/2023\/10\/Carla-Gonzalez-Mella-1.jpg\" class=\"attachment-full size-full wp-image-6996\" alt=\"\" srcset=\"https:\/\/escueladepedagogia.ufro.cl\/wp-content\/uploads\/2023\/10\/Carla-Gonzalez-Mella-1.jpg 1500w, https:\/\/escueladepedagogia.ufro.cl\/wp-content\/uploads\/2023\/10\/Carla-Gonzalez-Mella-1-1140x760.jpg 1140w, https:\/\/escueladepedagogia.ufro.cl\/wp-content\/uploads\/2023\/10\/Carla-Gonzalez-Mella-1-768x512.jpg 768w\" sizes=\"(max-width: 1500px) 100vw, 1500px\" \/><\/figure><div class=\"elementor-image-box-content\"><h5 class=\"elementor-image-box-title\">Mg. Carla Gonz\u00e1lez Mella<\/h5><p class=\"elementor-image-box-description\">Coordinadora de Pr\u00e1ctica\nPedagog\u00eda en Historia, Geograf\u00eda y Educaci\u00f3n C\u00edvica\ncarla.gonzalez@ufrontera.cl<br>45 2 734199<\/p><\/div><\/div>\t\t<\/div>\n\t\t\t\t<\/div>\n\t\t\t\t<\/div>\n\t\t<div class=\"elementor-element elementor-element-797c4f8 e-con-full e-flex e-con e-child\" data-id=\"797c4f8\" data-element_type=\"container\">\n\t\t\t\t<div class=\"elementor-element elementor-element-578be47 elementor-position-top elementor-widget elementor-widget-image-box\" data-id=\"578be47\" data-element_type=\"widget\" data-widget_type=\"image-box.default\">\n\t\t\t\t<div class=\"elementor-widget-container\">\n\t\t\t<div class=\"elementor-image-box-wrapper\"><figure class=\"elementor-image-box-img\"><img loading=\"lazy\" decoding=\"async\" width=\"2560\" height=\"1541\" src=\"https:\/\/escueladepedagogia.ufro.cl\/wp-content\/uploads\/2025\/04\/20250409_130234-scaled.jpg\" class=\"attachment-full size-full wp-image-8837\" alt=\"\" srcset=\"https:\/\/escueladepedagogia.ufro.cl\/wp-content\/uploads\/2025\/04\/20250409_130234-scaled.jpg 2560w, https:\/\/escueladepedagogia.ufro.cl\/wp-content\/uploads\/2025\/04\/20250409_130234-1140x686.jpg 1140w, https:\/\/escueladepedagogia.ufro.cl\/wp-content\/uploads\/2025\/04\/20250409_130234-768x462.jpg 768w, https:\/\/escueladepedagogia.ufro.cl\/wp-content\/uploads\/2025\/04\/20250409_130234-1536x925.jpg 1536w, https:\/\/escueladepedagogia.ufro.cl\/wp-content\/uploads\/2025\/04\/20250409_130234-2048x1233.jpg 2048w\" sizes=\"(max-width: 2560px) 100vw, 2560px\" \/><\/figure><div class=\"elementor-image-box-content\"><h5 class=\"elementor-image-box-title\">Liliana Romero Barrientos<\/h5><p class=\"elementor-image-box-description\">Coordinadora de Pr\u00e1ctica\nPedagog\u00eda en Castellano y Comunicaci\u00f3n\nliliana.romero@ufrontera.cl<br>45 2 734199<\/p><\/div><\/div>\t\t<\/div>\n\t\t\t\t<\/div>\n\t\t\t\t<\/div>\n\t\t\t\t\t<\/div>\n\t\t\t\t<\/div>\n\t\t\t\t<\/div>\n\t\t","protected":false},"excerpt":{"rendered":"<p>Esta unidad tiene como prop\u00f3sito gestionar los procesos de la l\u00ednea de pr\u00e1cticas de los estudiantes de las seis carreras de Pedagog\u00eda. Organizando tanto&#8230; &nbsp; <a href=\"https:\/\/escueladepedagogia.ufro.cl\/?page_id=10\" class=\"moretag\">Read More<\/a><\/p>\n","protected":false},"author":1,"featured_media":0,"parent":0,"menu_order":0,"comment_status":"closed","ping_status":"closed","template":"page-fullwidth.php","meta":{"_price":"","_stock":"","_tribe_ticket_header":"","_tribe_default_ticket_provider":"","_tribe_ticket_capacity":"0","_ticket_start_date":"","_ticket_end_date":"","_tribe_ticket_show_description":"","_tribe_ticket_show_not_going":false,"_tribe_ticket_use_global_stock":"","_tribe_ticket_global_stock_level":"","_global_stock_mode":"","_global_stock_cap":"","_tribe_rsvp_for_event":"","_tribe_ticket_going_count":"","_tribe_ticket_not_going_count":"","_tribe_tickets_list":"[]","_tribe_ticket_has_attendee_info_fields":false,"_EventAllDay":false,"_EventTimezone":"","_EventStartDate":"","_EventEndDate":"","_EventStartDateUTC":"","_EventEndDateUTC":"","_EventShowMap":false,"_EventShowMapLink":false,"_EventURL":"","_EventCost":"","_EventCostDescription":"","_EventCurrencySymbol":"","_EventCurrencyCode":"","_EventCurrencyPosition":"","_EventDateTimeSeparator":"","_EventTimeRangeSeparator":"","_EventOrganizerID":[],"_EventVenueID":[],"_OrganizerEmail":"","_OrganizerPhone":"","_OrganizerWebsite":"","_VenueAddress":"","_VenueCity":"","_VenueCountry":"","_VenueProvince":"","_VenueState":"","_VenueZip":"","_VenuePhone":"","_VenueURL":"","_VenueStateProvince":"","_VenueLat":"","_VenueLng":"","_VenueShowMap":false,"_VenueShowMapLink":false,"footnotes":""},"class_list":["post-10","page","type-page","status-publish","hentry"],"ticketed":false,"_links":{"self":[{"href":"https:\/\/escueladepedagogia.ufro.cl\/index.php?rest_route=\/wp\/v2\/pages\/10"}],"collection":[{"href":"https:\/\/escueladepedagogia.ufro.cl\/index.php?rest_route=\/wp\/v2\/pages"}],"about":[{"href":"https:\/\/escueladepedagogia.ufro.cl\/index.php?rest_route=\/wp\/v2\/types\/page"}],"author":[{"embeddable":true,"href":"https:\/\/escueladepedagogia.ufro.cl\/index.php?rest_route=\/wp\/v2\/users\/1"}],"replies":[{"embeddable":true,"href":"https:\/\/escueladepedagogia.ufro.cl\/index.php?rest_route=%2Fwp%2Fv2%2Fcomments&post=10"}],"version-history":[{"count":122,"href":"https:\/\/escueladepedagogia.ufro.cl\/index.php?rest_route=\/wp\/v2\/pages\/10\/revisions"}],"predecessor-version":[{"id":8840,"href":"https:\/\/escueladepedagogia.ufro.cl\/index.php?rest_route=\/wp\/v2\/pages\/10\/revisions\/8840"}],"wp:attachment":[{"href":"https:\/\/escueladepedagogia.ufro.cl\/index.php?rest_route=%2Fwp%2Fv2%2Fmedia&parent=10"}],"curies":[{"name":"wp","href":"https:\/\/api.w.org\/{rel}","templated":true}]}}